{"id":994,"date":"2019-12-17T09:50:37","date_gmt":"2019-12-17T12:50:37","guid":{"rendered":"http:\/\/guilhermepimentel.com.br\/?page_id=994"},"modified":"2019-12-17T09:55:22","modified_gmt":"2019-12-17T12:55:22","slug":"terapia-mtvss","status":"publish","type":"page","link":"https:\/\/guilhermepimentel.com.br\/index.php\/terapia-mtvss\/","title":{"rendered":"Terapia MTVSS"},"content":{"rendered":"<div id=\"pl-994\"  class=\"panel-layout\" ><div id=\"pg-994-0\"  class=\"panel-grid panel-has-style\" ><div class=\"siteorigin-panels-stretch panel-row-style panel-row-style-for-994-0\" data-stretch-type=\"full-stretched\" ><div id=\"pgc-994-0-0\"  class=\"panel-grid-cell\" ><div id=\"panel-994-0-0-0\" class=\"so-panel widget widget_sow-hero panel-first-child panel-last-child\" data-index=\"0\" ><div\n\t\t\t\n\t\t\tclass=\"so-widget-sow-hero so-widget-sow-hero-default-d5306d622ac1-994\"\n\t\t\t\n\t\t>\t\t\t\t<div class=\"sow-slider-base\" style=\"display: none\" tabindex=\"0\">\n\t\t\t\t\t<ul\n\t\t\t\t\tclass=\"sow-slider-images\"\n\t\t\t\t\tdata-settings=\"{&quot;pagination&quot;:true,&quot;speed&quot;:800,&quot;timeout&quot;:8000,&quot;paused&quot;:false,&quot;pause_on_hover&quot;:false,&quot;swipe&quot;:false,&quot;nav_always_show_desktop&quot;:&quot;&quot;,&quot;nav_always_show_mobile&quot;:&quot;&quot;,&quot;breakpoint&quot;:&quot;780px&quot;,&quot;unmute&quot;:false,&quot;anchor&quot;:null}\"\n\t\t\t\t\t\t\t\t\t\tdata-anchor-id=\"\"\n\t\t\t\t>\t\t<li class=\"sow-slider-image  sow-slider-image-cover\" style=\"visibility: visible;;background-color: #333333;background-image: url(https:\/\/guilhermepimentel.com.br\/wp-content\/uploads\/2019\/12\/18b479_6da652202b524d56a24bcb5389c76c8c_mv2.png)\" >\n\t\t\t\t\t<div class=\"sow-slider-image-container\">\n\t\t\t<div class=\"sow-slider-image-wrapper\">\n\t\t\t\t<h1 style=\"text-align: center\">Access MTVSS\u00ae<\/h1>\n\t\t\t<\/div>\n\t\t<\/div>\n\t\t\t\t<\/li>\n\t\t<\/ul>\t\t\t\t<ol class=\"sow-slider-pagination\">\n\t\t\t\t\t\t\t\t\t\t\t<li><a href=\"#\" data-goto=\"0\" aria-label=\"Display slide 1\"><\/a><\/li>\n\t\t\t\t\t\t\t\t\t<\/ol>\n\n\t\t\t\t<div class=\"sow-slide-nav sow-slide-nav-next\">\n\t\t\t\t\t<a href=\"#\" data-goto=\"next\" aria-label=\"Next slide\" data-action=\"next\">\n\t\t\t\t\t\t<em class=\"sow-sld-icon-thin-right\"><\/em>\n\t\t\t\t\t<\/a>\n\t\t\t\t<\/div>\n\n\t\t\t\t<div class=\"sow-slide-nav sow-slide-nav-prev\">\n\t\t\t\t\t<a href=\"#\" data-goto=\"previous\" aria-label=\"Previous slide\" data-action=\"prev\">\n\t\t\t\t\t\t<em class=\"sow-sld-icon-thin-left\"><\/em>\n\t\t\t\t\t<\/a>\n\t\t\t\t<\/div>\n\t\t\t\t<\/div><\/div><\/div><\/div><\/div><\/div><div id=\"pg-994-1\"  class=\"panel-grid panel-has-style\" ><div class=\"siteorigin-panels-stretch panel-row-style panel-row-style-for-994-1\" data-stretch-type=\"full\" ><div id=\"pgc-994-1-0\"  class=\"panel-grid-cell\" ><div id=\"panel-994-1-0-0\" class=\"so-panel widget widget_sow-headline panel-first-child\" data-index=\"1\" ><div\n\t\t\t\n\t\t\tclass=\"so-widget-sow-headline so-widget-sow-headline-default-4eee745bf24d-994\"\n\t\t\t\n\t\t><div class=\"sow-headline-container \">\n\t\t\t\t\t\t\t<h1 class=\"sow-headline\">\n\t\t\t\t\t\tO que \u00e9 MTVSS\u00ae\t\t\t\t\t\t<\/h1>\n\t\t\t\t\t\t\t\t\t\t\t\t<h3 class=\"sow-sub-headline\">\n\t\t\t\t\t\tMolecular Terminal Valence Sloughing System\t\t\t\t\t\t<\/h3>\n\t\t\t\t\t\t<\/div>\n<\/div><\/div><div id=\"panel-994-1-0-1\" class=\"so-panel widget widget_sow-editor panel-last-child\" data-index=\"2\" ><div\n\t\t\t\n\t\t\tclass=\"so-widget-sow-editor so-widget-sow-editor-base\"\n\t\t\t\n\t\t>\n<div class=\"siteorigin-widget-tinymce textwidget\">\n\t<h4>O MTVSS\u00ae \u00e9 um dos processos terap\u00eauticos mais din\u00e2micos do Access Consciousness\u00ae e significa Sistema de Desprendimento da Valencia Terminal Molecular.Seus benef\u00edcios s\u00e3o in\u00fameros e v\u00e3o desde ativar e fortalecer o sistema imunol\u00f3gico at\u00e9 retardar o envelhecimento de forma natural. Al\u00e9m de desfazer programa\u00e7\u00f5es inadequadas recebidas pelo corpo ao longo da sua vida.Por ser um processo que vai mudando positivamente a estrutura molecular do corpo, sua sa\u00fade vai naturalmente se equilibrando em todos os aspectos fazendo com que esse processo seja fortemente buscado tanto para tratar dores simples quanto para auxiliar em processos de cura no caso de doen\u00e7as espec\u00edficas como o c\u00e2ncer desfazendo todas as formas em que o corpo esteja funcionando mal.\u200bMTVSS\u00ae pode desfazer a maneira como nossos corpos foram alterados atrav\u00e9s de todos os tempos, espa\u00e7os, dimens\u00f5es, realidades e desbloqueia as programa\u00e7\u00f5es que evitam que seu corpo seja ilimitado.O criador da t\u00e9cnica Dr. Gary Douglas deixa claro que voc\u00ea recebendo de 20 a 30 sess\u00f5es \"permite que seu corpo seja como ele foi projetado para ser, e n\u00e3o como pontos de vista dos outros e implantes t\u00eam o for\u00e7ado a mostrar-se \".<\/h4>\n<\/div>\n<\/div><\/div><\/div><div id=\"pgc-994-1-1\"  class=\"panel-grid-cell\" ><div id=\"panel-994-1-1-0\" class=\"so-panel widget widget_sow-headline panel-first-child\" data-index=\"3\" ><div\n\t\t\t\n\t\t\tclass=\"so-widget-sow-headline so-widget-sow-headline-default-4eee745bf24d-994\"\n\t\t\t\n\t\t><div class=\"sow-headline-container \">\n\t\t\t\t\t\t\t<h1 class=\"sow-headline\">\n\t\t\t\t\t\tTerapia MTVSS\u00ae\t\t\t\t\t\t<\/h1>\n\t\t\t\t\t\t\t\t\t\t\t\t<h3 class=\"sow-sub-headline\">\n\t\t\t\t\t\tBenef\u00edcios\t\t\t\t\t\t<\/h3>\n\t\t\t\t\t\t<\/div>\n<\/div><\/div><div id=\"panel-994-1-1-1\" class=\"so-panel widget widget_sow-editor panel-last-child\" data-index=\"4\" ><div\n\t\t\t\n\t\t\tclass=\"so-widget-sow-editor so-widget-sow-editor-base\"\n\t\t\t\n\t\t>\n<div class=\"siteorigin-widget-tinymce textwidget\">\n\t<h4>O tratamento com MTVSS\u00ae \u00e9 indicado como auxiliar nas quest\u00f5es corporais e dentre elas voc\u00ea poder\u00e1 ler a seguir algumas mais conhecidas:<br \/>\n<strong>-\u00a0<\/strong>Recupera\u00e7\u00e3o de Cirurgias<br \/>\n<strong>-\u00a0<\/strong>Fibromialgia<br \/>\n<strong>-\u00a0<\/strong>C\u00e2ncer<br \/>\n<strong>-\u00a0<\/strong>Nervo Ci\u00e1tico<br \/>\n<strong>-\u00a0<\/strong>Dores de coluna<br \/>\n<strong>-\u00a0<\/strong>Dores musculares<br \/>\n<strong>-\u00a0<\/strong>Dores \u00f3sseas<br \/>\n<strong>-\u00a0<\/strong>Asmas<br \/>\n<strong>-\u00a0<\/strong>C\u00f3licas<br \/>\n<strong>-\u00a0<\/strong>Contus\u00f5es<br \/>\n<strong>-\u00a0<\/strong>Cicatriza\u00e7\u00f5es<br \/>\n<strong>-\u00a0<\/strong>Dores comuns<br \/>\n<strong>-\u00a0<\/strong>Impot\u00eancia sexual<br \/>\n<strong>-\u00a0<\/strong>Frigidez<br \/>\n<strong>-\u00a0<\/strong>Diabetes<br \/>\n<strong>-\u00a0<\/strong>Alergias de pele<br \/>\n<strong>-\u00a0<\/strong>Rinite<br \/>\n<strong>-\u00a0<\/strong>Sinusite<br \/>\n<strong>-\u00a0<\/strong>Torcicolo<br \/>\n<strong>-\u00a0<\/strong>Aumenta a vitalidade<br \/>\n<strong>-\u00a0<\/strong>Retarda o envelhecimento precoce<br \/>\n<strong>-\u00a0<\/strong>Restaura a fun\u00e7\u00e3o natural do corpo<br \/>\n<strong>-\u00a0<\/strong>Ativa e fortalece o sistema imunol\u00f3gico<br \/>\n<strong>-\u00a0<\/strong>Trauma no corpo seja ele novo ou velho \u00e9 dissolvido<br \/>\n<strong>-\u00a0<\/strong>Aumenta a comunh\u00e3o com o corpo<br \/>\nE muito mais! O MTVSS\u00ae n\u00e3o possui contraindica\u00e7\u00f5es e pode ser aplicado em pessoas e animais de qualquer idade e n\u00e3o \u00e9 uma t\u00e9cnica invasiva.<\/h4>\n<\/div>\n<\/div><\/div><\/div><\/div><\/div><div id=\"pg-994-2\"  class=\"panel-grid panel-has-style\" ><div class=\"siteorigin-panels-stretch panel-row-style panel-row-style-for-994-2\" data-stretch-type=\"full-stretched\" ><div id=\"pgc-994-2-0\"  class=\"panel-grid-cell\" ><div id=\"panel-994-2-0-0\" class=\"so-panel widget widget_sow-hero panel-first-child panel-last-child\" data-index=\"5\" ><div\n\t\t\t\n\t\t\tclass=\"so-widget-sow-hero so-widget-sow-hero-default-81741d735408-994\"\n\t\t\t\n\t\t>\t\t\t\t<div class=\"sow-slider-base\" style=\"display: none\" tabindex=\"0\">\n\t\t\t\t\t<ul\n\t\t\t\t\tclass=\"sow-slider-images\"\n\t\t\t\t\tdata-settings=\"{&quot;pagination&quot;:true,&quot;speed&quot;:800,&quot;timeout&quot;:8000,&quot;paused&quot;:false,&quot;pause_on_hover&quot;:false,&quot;swipe&quot;:false,&quot;nav_always_show_desktop&quot;:&quot;&quot;,&quot;nav_always_show_mobile&quot;:&quot;&quot;,&quot;breakpoint&quot;:&quot;780px&quot;,&quot;unmute&quot;:false,&quot;anchor&quot;:null}\"\n\t\t\t\t\t\t\t\t\t\tdata-anchor-id=\"\"\n\t\t\t\t>\t\t<li class=\"sow-slider-image  sow-slider-image-cover\" style=\"visibility: visible;;background-color: #333333;background-image: url(https:\/\/guilhermepimentel.com.br\/wp-content\/uploads\/2019\/12\/meditac\u0327ao-cura-600x400.jpg);cursor: pointer;\" data-url=\"{&quot;url&quot;:&quot;http:\\\/\\\/guilhermepimentel.com.br&quot;,&quot;new_window&quot;:false}\" >\n\t\t\t\t\t<div class=\"sow-slider-image-container\">\n\t\t\t<div class=\"sow-slider-image-wrapper\">\n\t\t\t\t<h1 style=\"text-align: center\">Voltar a p\u00e1gina inicial<\/h1>\n\t\t\t<\/div>\n\t\t<\/div>\n\t\t\t\t<\/li>\n\t\t<\/ul>\t\t\t\t<ol class=\"sow-slider-pagination\">\n\t\t\t\t\t\t\t\t\t\t\t<li><a href=\"#\" data-goto=\"0\" aria-label=\"Display slide 1\"><\/a><\/li>\n\t\t\t\t\t\t\t\t\t<\/ol>\n\n\t\t\t\t<div class=\"sow-slide-nav sow-slide-nav-next\">\n\t\t\t\t\t<a href=\"#\" data-goto=\"next\" aria-label=\"Next slide\" data-action=\"next\">\n\t\t\t\t\t\t<em class=\"sow-sld-icon-thin-right\"><\/em>\n\t\t\t\t\t<\/a>\n\t\t\t\t<\/div>\n\n\t\t\t\t<div class=\"sow-slide-nav sow-slide-nav-prev\">\n\t\t\t\t\t<a href=\"#\" data-goto=\"previous\" aria-label=\"Previous slide\" data-action=\"prev\">\n\t\t\t\t\t\t<em class=\"sow-sld-icon-thin-left\"><\/em>\n\t\t\t\t\t<\/a>\n\t\t\t\t<\/div>\n\t\t\t\t<\/div><\/div><\/div><\/div><\/div><\/div><\/div>","protected":false},"excerpt":{"rendered":"<p>O MTVSS\u00ae \u00e9 um dos processos terap\u00eauticos mais din\u00e2micos do Access Consciousness\u00ae e significa Sistema de Desprendimento da Valencia Terminal Molecular.Seus benef\u00edcios s\u00e3o in\u00fameros e v\u00e3o desde ativar e fortalecer o sistema imunol\u00f3gico at\u00e9 retardar o envelhecimento de forma natural. Al\u00e9m de desfazer programa\u00e7\u00f5es inadequadas recebidas pelo corpo ao longo da sua vida.Por ser um &hellip; <\/p>\n<p class=\"link-more\"><a href=\"https:\/\/guilhermepimentel.com.br\/index.php\/terapia-mtvss\/\" class=\"more-link\">Continue reading<span class=\"screen-reader-text\"> &#8220;Terapia MTVSS&#8221;<\/span><\/a><\/p>\n","protected":false},"author":1,"featured_media":0,"parent":0,"menu_order":0,"comment_status":"closed","ping_status":"closed","template":"","meta":{"footnotes":""},"_links":{"self":[{"href":"https:\/\/guilhermepimentel.com.br\/index.php\/wp-json\/wp\/v2\/pages\/994"}],"collection":[{"href":"https:\/\/guilhermepimentel.com.br\/index.php\/wp-json\/wp\/v2\/pages"}],"about":[{"href":"https:\/\/guilhermepimentel.com.br\/index.php\/wp-json\/wp\/v2\/types\/page"}],"author":[{"embeddable":true,"href":"https:\/\/guilhermepimentel.com.br\/index.php\/wp-json\/wp\/v2\/users\/1"}],"replies":[{"embeddable":true,"href":"https:\/\/guilhermepimentel.com.br\/index.php\/wp-json\/wp\/v2\/comments?post=994"}],"version-history":[{"count":4,"href":"https:\/\/guilhermepimentel.com.br\/index.php\/wp-json\/wp\/v2\/pages\/994\/revisions"}],"predecessor-version":[{"id":1004,"href":"https:\/\/guilhermepimentel.com.br\/index.php\/wp-json\/wp\/v2\/pages\/994\/revisions\/1004"}],"wp:attachment":[{"href":"https:\/\/guilhermepimentel.com.br\/index.php\/wp-json\/wp\/v2\/media?parent=994"}],"curies":[{"name":"wp","href":"https:\/\/api.w.org\/{rel}","templated":true}]}}