{"id":769,"date":"2019-11-06T14:57:23","date_gmt":"2019-11-06T16:57:23","guid":{"rendered":"http:\/\/guilhermepimentel.com.br\/?page_id=769"},"modified":"2020-12-14T23:43:29","modified_gmt":"2020-12-15T02:43:29","slug":"access-energetic-facelift-o-que-e","status":"publish","type":"page","link":"https:\/\/guilhermepimentel.com.br\/index.php\/access-energetic-facelift-o-que-e\/","title":{"rendered":"Access Energetic Facelift &#8211; O que \u00e9"},"content":{"rendered":"<div id=\"pl-769\"  class=\"panel-layout\" ><div id=\"pg-769-0\"  class=\"panel-grid panel-has-style\" ><div class=\"siteorigin-panels-stretch panel-row-style panel-row-style-for-769-0\" data-stretch-type=\"full-stretched\" ><div id=\"pgc-769-0-0\"  class=\"panel-grid-cell\" ><div id=\"panel-769-0-0-0\" class=\"so-panel widget widget_sow-hero panel-first-child panel-last-child\" data-index=\"0\" ><div\n\t\t\t\n\t\t\tclass=\"so-widget-sow-hero so-widget-sow-hero-default-e3e581c26ce6-769\"\n\t\t\t\n\t\t>\t\t\t\t<div class=\"sow-slider-base\" style=\"display: none\" tabindex=\"0\">\n\t\t\t\t\t<ul\n\t\t\t\t\tclass=\"sow-slider-images\"\n\t\t\t\t\tdata-settings=\"{&quot;pagination&quot;:true,&quot;speed&quot;:800,&quot;timeout&quot;:8000,&quot;paused&quot;:false,&quot;pause_on_hover&quot;:false,&quot;swipe&quot;:false,&quot;nav_always_show_desktop&quot;:&quot;&quot;,&quot;nav_always_show_mobile&quot;:&quot;&quot;,&quot;breakpoint&quot;:&quot;780px&quot;,&quot;unmute&quot;:false,&quot;anchor&quot;:null}\"\n\t\t\t\t\t\t\t\t\t\tdata-anchor-id=\"\"\n\t\t\t\t>\t\t<li class=\"sow-slider-image  sow-slider-image-cover\" style=\"visibility: visible;;background-color: #333333\" >\n\t\t\t\t\t<div class=\"sow-slider-image-container\">\n\t\t\t<div class=\"sow-slider-image-wrapper\">\n\t\t\t\t<h1>Access Energetic FACELIFT<\/h1>\n<h3>Rejuvenescimento sem cortes, sem agulhas e sem dor.<\/h3>\n<div class=\"sow-hero-buttons\" ><div\n\t\t\t\n\t\t\tclass=\"so-widget-sow-button so-widget-sow-button-flat-a884d75cbb1d\"\n\t\t\t\n\t\t><div class=\"ow-button-base ow-button-align-center\"\n>\n\t\t\t<a\n\t\t\t\t\thref=\"https:\/\/bit.ly\/oiguilherme\"\n\t\t\t\t\tclass=\"sowb-button ow-icon-placement-left ow-button-hover\" \t>\n\t\t<span>\n\t\t\t\n\t\t\tFale comigo.\t\t<\/span>\n\t\t\t<\/a>\n\t<\/div>\n<\/div><\/div>\n\t\t\t<\/div>\n\t\t<\/div>\n\t\t<div class=\"sow-slider-image-overlay sow-slider-image-cover\" style=\"opacity: 0.93;background-image: url(https:\/\/guilhermepimentel.com.br\/wp-content\/uploads\/2019\/08\/barras-2222.png)\"  ><\/div>\t\t<\/li>\n\t\t<\/ul>\t\t\t\t<ol class=\"sow-slider-pagination\">\n\t\t\t\t\t\t\t\t\t\t\t<li><a href=\"#\" data-goto=\"0\" aria-label=\"Display slide 1\"><\/a><\/li>\n\t\t\t\t\t\t\t\t\t<\/ol>\n\n\t\t\t\t<div class=\"sow-slide-nav sow-slide-nav-next\">\n\t\t\t\t\t<a href=\"#\" data-goto=\"next\" aria-label=\"Next slide\" data-action=\"next\">\n\t\t\t\t\t\t<em class=\"sow-sld-icon-thin-right\"><\/em>\n\t\t\t\t\t<\/a>\n\t\t\t\t<\/div>\n\n\t\t\t\t<div class=\"sow-slide-nav sow-slide-nav-prev\">\n\t\t\t\t\t<a href=\"#\" data-goto=\"previous\" aria-label=\"Previous slide\" data-action=\"prev\">\n\t\t\t\t\t\t<em class=\"sow-sld-icon-thin-left\"><\/em>\n\t\t\t\t\t<\/a>\n\t\t\t\t<\/div>\n\t\t\t\t<\/div><\/div><\/div><\/div><\/div><\/div><div id=\"pg-769-1\"  class=\"panel-grid panel-has-style\" ><div class=\"siteorigin-panels-stretch panel-row-style panel-row-style-for-769-1\" data-stretch-type=\"full\" ><div id=\"pgc-769-1-0\"  class=\"panel-grid-cell\" ><div id=\"panel-769-1-0-0\" class=\"so-panel widget widget_sow-editor panel-first-child\" data-index=\"1\" ><div class=\"panel-widget-style panel-widget-style-for-769-1-0-0\" ><div\n\t\t\t\n\t\t\tclass=\"so-widget-sow-editor so-widget-sow-editor-base\"\n\t\t\t\n\t\t>\n<div class=\"siteorigin-widget-tinymce textwidget\">\n\t<h1 style=\"text-align: center;\">O que \u00e9 o Access Energetic Facelift\u00ae<\/h1>\n<div class=\"article the-content is-fluid-width-wrapper\">\n<div class=\"is-fluid-width-wrapper-overlay is-health-shadow\" style=\"text-align: center;\"><span style=\"font-size: 1rem;\">O <\/span><strong style=\"font-size: 1rem;\">Facelift Energ\u00e9tico<\/strong><span style=\"font-size: 1rem;\">\u00a0\u00e9 um processo terap\u00eautico transformador que atua diretamente nos registros deixados pelas experi\u00eancias que vivemos, tanto positivas quanto negativas. A t\u00e9cnica terap\u00eautica funciona por meio de toques suaves no rosto que se conectam com diferentes aspectos da nossa vida que, ao longo do tempo, aparecem tamb\u00e9m atrav\u00e9s das linhas de express\u00e3o, marcas, formatos e aspectos da face.<\/span><\/div>\n<div><\/div>\n<div>\n<p style=\"text-align: center;\">O procedimento \u00e9 uma das ferramentas do Access Consciousness, assim como Barras de Access, que influencia diretamente os padr\u00f5es conectados \u00e0 nossa imagem e como lidamos com todas as nossas hist\u00f3rias.<\/p>\n<p style=\"text-align: center;\">O objetivo do Facelift \u00e9 desfazer \u00a0e liberar registros consequentes de experi\u00eancias negativas. Esse procedimento altera o significado das viv\u00eancias e abre espa\u00e7o para que possam ser criadas novas possibilidades em nossa vida.<\/p>\n<\/div>\n<\/div>\n<\/div>\n<\/div><\/div><\/div><div id=\"panel-769-1-0-1\" class=\"so-panel widget widget_sow-video panel-last-child\" data-index=\"2\" ><div class=\"panel-widget-style panel-widget-style-for-769-1-0-1\" ><div\n\t\t\t\n\t\t\tclass=\"so-widget-sow-video so-widget-sow-video-default-f379b959fc93-769\"\n\t\t\t\n\t\t>\n<div class=\"sow-video-wrapper\n\">\n\t\t\t<video\n\t\t\tid=\"sow-player-1\" class=\"sow-video-widget\" preload=\"auto\" style=\"width:100%;height:100%;\" controls \t\t>\n\t\t\t\t\t\t\t<source type=\"\" src=\"https:\/\/youtu.be\/AOwwPvoANSU\"\/>\n\t\t\t\t\t<\/video>\n\t<\/div>\n<\/div><\/div><\/div><\/div><\/div><\/div><div id=\"pg-769-2\"  class=\"panel-grid panel-has-style\" ><div class=\"siteorigin-panels-stretch panel-row-style panel-row-style-for-769-2\" data-stretch-type=\"full\" ><div id=\"pgc-769-2-0\"  class=\"panel-grid-cell\" ><div id=\"panel-769-2-0-0\" class=\"so-panel widget widget_sow-editor panel-first-child\" data-index=\"3\" ><div class=\"panel-widget-style panel-widget-style-for-769-2-0-0\" ><div\n\t\t\t\n\t\t\tclass=\"so-widget-sow-editor so-widget-sow-editor-base\"\n\t\t\t\n\t\t>\n<div class=\"siteorigin-widget-tinymce textwidget\">\n\t<h1 style=\"text-align: center;\"><strong>Conhe\u00e7a um pouco mais:<\/strong><\/h1>\n<\/div>\n<\/div><\/div><\/div><div id=\"panel-769-2-0-1\" class=\"so-panel widget widget_siteorigin-panels-builder panel-last-child\" data-index=\"4\" ><div class=\"panel-widget-style panel-widget-style-for-769-2-0-1\" ><div id=\"pl-w5dc39131281eb\"  class=\"panel-layout\" ><div id=\"pg-w5dc39131281eb-0\"  class=\"panel-grid panel-has-style\" ><div class=\"panel-row-style panel-row-style-for-w5dc39131281eb-0\" ><div id=\"pgc-w5dc39131281eb-0-0\"  class=\"panel-grid-cell\" ><div id=\"panel-w5dc39131281eb-0-0-0\" class=\"so-panel widget widget_sow-editor panel-first-child\" data-index=\"0\" ><div class=\"panel-widget-style panel-widget-style-for-w5dc39131281eb-0-0-0\" ><div\n\t\t\t\n\t\t\tclass=\"so-widget-sow-editor so-widget-sow-editor-base\"\n\t\t\t\n\t\t>\n<div class=\"siteorigin-widget-tinymce textwidget\">\n\t<div id=\"pgc-78-4-0\" class=\"panel-grid-cell\">\n<div id=\"panel-78-4-0-0\" class=\"so-panel widget widget_black-studio-tinymce widget_black_studio_tinymce panel-first-child panel-last-child\">\n<div class=\"textwidget\">\n<h2><span style=\"color: #ffffff;\"><strong>Indica\u00e7\u00f5es<\/strong><\/span><\/h2>\n<p>O Facelift Energ\u00e9tico pode ser realizado por todas as pessoas que desejam se reconectar com sua melhor vers\u00e3o. Ansiedade, depress\u00e3o, s\u00edndrome do p\u00e2nico, luto, frustra\u00e7\u00f5es, problema de sono, d\u00e9ficit de aten\u00e7\u00e3o, hiperatividade, personalidade obsessiva-compulsiva, autismo, doen\u00e7as f\u00edsicas, traumas, a t\u00e9cnica ajuda na supera\u00e7\u00e3o das dificuldades, sejam elas quais forem.<\/p>\n<\/div>\n<\/div>\n<\/div>\n<\/div>\n<\/div><\/div><\/div><div id=\"panel-w5dc39131281eb-0-0-1\" class=\"so-panel widget widget_sow-editor panel-last-child\" data-index=\"1\" ><div class=\"panel-widget-style panel-widget-style-for-w5dc39131281eb-0-0-1\" ><div\n\t\t\t\n\t\t\tclass=\"so-widget-sow-editor so-widget-sow-editor-base\"\n\t\t\t\n\t\t>\n<div class=\"siteorigin-widget-tinymce textwidget\">\n\t<h2><span style=\"color: #ffffff;\"><strong>Efeitos F\u00edsicos<\/strong><\/span><\/h2>\n<p>Uma sensa\u00e7\u00e3o de relaxamento e leveza fant\u00e1stica, notoriamente na sua express\u00e3o facial<\/p>\n<p>A pele do rosto mais luminosa, macia e com maior vigor<\/p>\n<p>Maior energia e vitalidade no corpo<\/p>\n<p>Redu\u00e7\u00e3o de rugas, linhas e incha\u00e7os<\/p>\n<p>Os maxilares, as sobrancelhas, o pesco\u00e7o, os seios e o corpo em geral mais levantados e firmes.<\/p>\n<p>Redu\u00e7\u00e3o da pigmenta\u00e7\u00e3o da pele<\/p>\n<p>Limpeza de zonas inflamadas, irritadas e manchadas da pele do rosto.<\/p>\n<p>Melhoria da vis\u00e3o<\/p>\n<p>Maior clareza mental<\/p>\n<\/div>\n<\/div><\/div><\/div><\/div><div id=\"pgc-w5dc39131281eb-0-1\"  class=\"panel-grid-cell\" ><div id=\"panel-w5dc39131281eb-0-1-0\" class=\"so-panel widget widget_sow-editor panel-first-child\" data-index=\"2\" ><div class=\"panel-widget-style panel-widget-style-for-w5dc39131281eb-0-1-0\" ><div\n\t\t\t\n\t\t\tclass=\"so-widget-sow-editor so-widget-sow-editor-base\"\n\t\t\t\n\t\t>\n<div class=\"siteorigin-widget-tinymce textwidget\">\n\t<div id=\"pgc-78-4-0\" class=\"panel-grid-cell\">\n<div id=\"panel-78-4-0-0\" class=\"so-panel widget widget_black-studio-tinymce widget_black_studio_tinymce panel-first-child panel-last-child\">\n<div class=\"textwidget\">\n<h2><span style=\"color: #ffffff;\"><strong>Quem pode fazer<\/strong><\/span><\/h2>\n<p>Todas as pessoas que sabem que existe uma melhor vers\u00e3o delas mesmas e desejam acessar e viver essa vers\u00e3o.<\/p>\n<p>Uma vers\u00e3o mais leve. Mais saud\u00e1vel. Com mais auto estima. Sem as amarras dessa realidade limitante.<\/p>\n<\/div>\n<\/div>\n<\/div>\n<\/div>\n<\/div><\/div><\/div><div id=\"panel-w5dc39131281eb-0-1-1\" class=\"so-panel widget widget_sow-editor panel-last-child\" data-index=\"3\" ><div class=\"panel-widget-style panel-widget-style-for-w5dc39131281eb-0-1-1\" ><div\n\t\t\t\n\t\t\tclass=\"so-widget-sow-editor so-widget-sow-editor-base\"\n\t\t\t\n\t\t>\n<div class=\"siteorigin-widget-tinymce textwidget\">\n\t<div id=\"pgc-78-4-0\" class=\"panel-grid-cell\">\n<div id=\"panel-78-4-0-0\" class=\"so-panel widget widget_black-studio-tinymce widget_black_studio_tinymce panel-first-child panel-last-child\">\n<div class=\"textwidget\">\n<h2><span style=\"color: #ffffff;\"><strong>Benef\u00edcios<\/strong><\/span><\/h2>\n<p>Melhora da clareza de pensamento, disposi\u00e7\u00e3o e concentra\u00e7\u00e3o mental, al\u00e9m da capacidade de resolver problemas<\/p>\n<p>Redu\u00e7\u00e3o da ansiedade, depress\u00e3o, pensamentos agitados e problemas de sono<\/p>\n<p>Aumento da alegria, satisfa\u00e7\u00e3o e motiva\u00e7\u00e3o diante da vida;<\/p>\n<p>Relaxamento profundo, mais energia, disposi\u00e7\u00e3o e \u00e2nimo<\/p>\n<p>Elimina\u00e7\u00e3o de padr\u00f5es de comportamento negativo<\/p>\n<p>Recupera\u00e7\u00e3o mais r\u00e1pida de cirurgias, com menos dores<\/p>\n<p>Redu\u00e7\u00e3o de conflitos internos e externos<\/p>\n<p>Fortalecimento do sistema imunol\u00f3gico<\/p>\n<p>Redu\u00e7\u00e3o de tens\u00f5es f\u00edsicas e mentais<\/p>\n<p>Al\u00edvio de traumas e de stress<\/p>\n<p>Paz interior<\/p>\n<\/div>\n<\/div>\n<\/div>\n<\/div>\n<\/div><\/div><\/div><\/div><\/div><\/div><\/div><\/div><\/div><\/div><\/div><\/div><div id=\"pg-769-3\"  class=\"panel-grid panel-has-style\" ><div class=\"so-parallax siteorigin-panels-stretch panel-row-style panel-row-style-for-769-3\" data-stretch-type=\"full\" ><img fetchpriority=\"high\" decoding=\"async\" width=\"2444\" height=\"2401\" src=\"https:\/\/guilhermepimentel.com.br\/wp-content\/uploads\/2019\/07\/access-energetic-facelift.jpg\" class=\"attachment-full size-full\" alt=\"\" data-siteorigin-parallax=\"true\" loading=\"eager\" srcset=\"https:\/\/guilhermepimentel.com.br\/wp-content\/uploads\/2019\/07\/access-energetic-facelift.jpg 2444w, https:\/\/guilhermepimentel.com.br\/wp-content\/uploads\/2019\/07\/access-energetic-facelift-300x295.jpg 300w, https:\/\/guilhermepimentel.com.br\/wp-content\/uploads\/2019\/07\/access-energetic-facelift-768x754.jpg 768w, https:\/\/guilhermepimentel.com.br\/wp-content\/uploads\/2019\/07\/access-energetic-facelift-1024x1006.jpg 1024w\" sizes=\"100vw\" \/><div id=\"pgc-769-3-0\"  class=\"panel-grid-cell\" ><div id=\"panel-769-3-0-0\" class=\"so-panel widget widget_sow-editor panel-first-child\" data-index=\"5\" ><div class=\"panel-widget-style panel-widget-style-for-769-3-0-0\" ><div\n\t\t\t\n\t\t\tclass=\"so-widget-sow-editor so-widget-sow-editor-base\"\n\t\t\t\n\t\t>\n<div class=\"siteorigin-widget-tinymce textwidget\">\n\t<h1 style=\"text-align: center;\">Saiba mais sobre o incr\u00edvel Access Energetic Facelift\u00ae<\/h1>\n<\/div>\n<\/div><\/div><\/div><div id=\"panel-769-3-0-1\" class=\"widget_text so-panel widget widget_custom_html panel-last-child\" data-index=\"6\" ><div class=\"widget_text panel-widget-style panel-widget-style-for-769-3-0-1\" ><div class=\"textwidget custom-html-widget\"><style>\n .lzp-form{font:95% Arial,Helvetica,sans-serif;max-width:400px;margin:10px auto;padding:16px;background:#F7F7F7}.lzp-form input[type=text],.lzp-form input[type=date],.lzp-form input[type=datetime],.lzp-form input[type=email],.lzp-form input[type=number],.lzp-form input[type=search],.lzp-form input[type=time],.lzp-form input[type=url],.lzp-form select,.lzp-form textarea{-webkit-transition:all .3s ease-in-out;-moz-transition:all .3s ease-in-out;-ms-transition:all .3s ease-in-out;-o-transition:all .3s ease-in-out;outline:0;box-sizing:border-box;-webkit-box-sizing:border-box;-moz-box-sizing:border-box;width:100%;background:#fff;margin-bottom:4%;border:1px solid #ccc;padding:3%;color:#555;font:95% Arial,Helvetica,sans-serif}.lzp-form input[type=text]:focus,.lzp-form input[type=date]:focus,.lzp-form input[type=datetime]:focus,.lzp-form input[type=email]:focus,.lzp-form input[type=number]:focus,.lzp-form input[type=search]:focus,.lzp-form input[type=time]:focus,.lzp-form input[type=url]:focus,.lzp-form select:focus,.lzp-form textarea:focus{box-shadow:0 0 5px #c9c9c9;padding:3%;border:1px solid #c7c0c0}.lzp-form input[type=submit],.lzp-form input[type=button]{box-sizing:border-box;-webkit-box-sizing:border-box;-moz-box-sizing:border-box;width:100%;padding:3%;background:#108b2d;border-bottom:2px solid #03641a;border-top-style:none;border-right-style:none;border-left-style:none;color:#fff;cursor:pointer}.lzp-form input[type=submit]:hover,.lzp-form input[type=button]:hover{background:#076a1e}\n<\/style>\n<form id=\"lzp-form\" class=\"lzp-form\" action=\"https:\/\/hub.leadszapp.com\/pPpM\" method=\"post\" accept-charset=\"utf-8\">\n    <input type=\"text\" class=\"first_name\" name=\"first_name\" placeholder=\"Nome\" required \/>\n    <input type=\"text\" class=\"last_name\" name=\"last_name\" placeholder=\"Sobrenome\" required \/>\n    <input type=\"email\" class=\"email\" name=\"email\" placeholder=\"Email\" required \/>\n    <input type=\"text\" class=\"mobile_phone\" name=\"mobile_phone\" placeholder=\"Celular (DDD) + N\u00famero\" required \/>\n    <input type=\"submit\" value=\"Quero saber mais!\" \/>\n<\/form>\n<script src=\"https:\/\/cdnjs.cloudflare.com\/ajax\/libs\/vanilla-masker\/1.2.0\/vanilla-masker.min.js\"><\/script>\n<script>VMasker(document.querySelector(\"#lzp-form .mobile_phone\")).maskPattern(\"(99) 99999-9999\");<\/script><\/div><\/div><\/div><\/div><\/div><\/div><div id=\"pg-769-4\"  class=\"panel-grid panel-has-style\" ><div class=\"siteorigin-panels-stretch panel-row-style panel-row-style-for-769-4\" data-stretch-type=\"full-stretched\" ><div id=\"pgc-769-4-0\"  class=\"panel-grid-cell\" ><div id=\"panel-769-4-0-0\" class=\"so-panel widget widget_sow-editor panel-first-child\" data-index=\"7\" ><div class=\"panel-widget-style panel-widget-style-for-769-4-0-0\" ><div\n\t\t\t\n\t\t\tclass=\"so-widget-sow-editor so-widget-sow-editor-base\"\n\t\t\t\n\t\t>\n<div class=\"siteorigin-widget-tinymce textwidget\">\n\t<h1 style=\"text-align: center;\"><strong>Quantas sess\u00f5es s\u00e3o necess\u00e1rias?<\/strong><\/h1>\n<\/div>\n<\/div><\/div><\/div><div id=\"panel-769-4-0-1\" class=\"so-panel widget widget_sow-editor\" data-index=\"8\" ><div class=\"panel-widget-style panel-widget-style-for-769-4-0-1\" ><div\n\t\t\t\n\t\t\tclass=\"so-widget-sow-editor so-widget-sow-editor-base\"\n\t\t\t\n\t\t>\n<div class=\"siteorigin-widget-tinymce textwidget\">\n\t<h3 style=\"text-align: center;\">Recomenda-se pelo menos <b><i>10 sess\u00f5es. <\/i><\/b><\/h3>\n<h3 style=\"text-align: center;\"><i>Gary Douglas<\/i> (o criador desta t\u00e9cnica), diz que ap\u00f3s <i>20 sess\u00f5es<\/i> o rejuvenescimento obtido tende a ser permanente.<\/h3>\n<\/div>\n<\/div><\/div><\/div><div id=\"panel-769-4-0-2\" class=\"so-panel widget widget_sow-headline\" data-index=\"9\" ><div\n\t\t\t\n\t\t\tclass=\"so-widget-sow-headline so-widget-sow-headline-default-ea0af4cf39ae-769\"\n\t\t\t\n\t\t><div class=\"sow-headline-container \">\n\t\t\t\t\t\t\t<h1 class=\"sow-headline\">\n\t\t\t\t\t\t\t\t\t\t\t\t\t<a href=\"http:\/\/www.guilhermepimentel.com.br\" >\n\t\t\t\t\t\t\t\tVOLTAR A P\u00c1GINA INICIAL<\/a>\t\t\t\t\t\t<\/h1>\n\t\t\t\t\t\t\t\t\t\t\t<div class=\"decoration\">\n\t\t\t\t\t\t<div class=\"decoration-inside\"><\/div>\n\t\t\t\t\t<\/div>\n\t\t\t\t\t<\/div>\n<\/div><\/div><div id=\"panel-769-4-0-3\" class=\"so-panel widget widget_sow-image panel-last-child\" data-index=\"10\" ><div class=\"panel-widget-style panel-widget-style-for-769-4-0-3\" ><div\n\t\t\t\n\t\t\tclass=\"so-widget-sow-image so-widget-sow-image-default-a258e6bfa2d8-769\"\n\t\t\t\n\t\t>\n<div class=\"sow-image-container\">\n\t\t<img \n\tsrc=\"https:\/\/guilhermepimentel.com.br\/wp-content\/uploads\/2019\/11\/facelift.jpg\" width=\"525\" height=\"235\" srcset=\"https:\/\/guilhermepimentel.com.br\/wp-content\/uploads\/2019\/11\/facelift.jpg 593w, https:\/\/guilhermepimentel.com.br\/wp-content\/uploads\/2019\/11\/facelift-300x134.jpg 300w\" sizes=\"(max-width: 525px) 100vw, 525px\" alt=\"\" \t\tclass=\"so-widget-image\"\/>\n\t<\/div>\n\n<\/div><\/div><\/div><\/div><\/div><\/div><div id=\"pg-769-5\"  class=\"panel-grid panel-has-style\" ><div class=\"siteorigin-panels-stretch panel-row-style panel-row-style-for-769-5\" data-stretch-type=\"full-stretched\" ><div id=\"pgc-769-5-0\"  class=\"panel-grid-cell panel-grid-cell-empty\" ><\/div><\/div><\/div><\/div>","protected":false},"excerpt":{"rendered":"<p>O que \u00e9 o Access Energetic Facelift\u00ae O Facelift Energ\u00e9tico\u00a0\u00e9 um processo terap\u00eautico transformador que atua diretamente nos registros deixados pelas experi\u00eancias que vivemos, tanto positivas quanto negativas. A t\u00e9cnica terap\u00eautica funciona por meio de toques suaves no rosto que se conectam com diferentes aspectos da nossa vida que, ao longo do tempo, aparecem tamb\u00e9m &hellip; <\/p>\n<p class=\"link-more\"><a href=\"https:\/\/guilhermepimentel.com.br\/index.php\/access-energetic-facelift-o-que-e\/\" class=\"more-link\">Continue reading<span class=\"screen-reader-text\"> &#8220;Access Energetic Facelift &#8211; O que \u00e9&#8221;<\/span><\/a><\/p>\n","protected":false},"author":1,"featured_media":0,"parent":0,"menu_order":0,"comment_status":"closed","ping_status":"closed","template":"","meta":{"footnotes":""},"_links":{"self":[{"href":"https:\/\/guilhermepimentel.com.br\/index.php\/wp-json\/wp\/v2\/pages\/769"}],"collection":[{"href":"https:\/\/guilhermepimentel.com.br\/index.php\/wp-json\/wp\/v2\/pages"}],"about":[{"href":"https:\/\/guilhermepimentel.com.br\/index.php\/wp-json\/wp\/v2\/types\/page"}],"author":[{"embeddable":true,"href":"https:\/\/guilhermepimentel.com.br\/index.php\/wp-json\/wp\/v2\/users\/1"}],"replies":[{"embeddable":true,"href":"https:\/\/guilhermepimentel.com.br\/index.php\/wp-json\/wp\/v2\/comments?post=769"}],"version-history":[{"count":33,"href":"https:\/\/guilhermepimentel.com.br\/index.php\/wp-json\/wp\/v2\/pages\/769\/revisions"}],"predecessor-version":[{"id":1295,"href":"https:\/\/guilhermepimentel.com.br\/index.php\/wp-json\/wp\/v2\/pages\/769\/revisions\/1295"}],"wp:attachment":[{"href":"https:\/\/guilhermepimentel.com.br\/index.php\/wp-json\/wp\/v2\/media?parent=769"}],"curies":[{"name":"wp","href":"https:\/\/api.w.org\/{rel}","templated":true}]}}