{"id":301,"date":"2019-09-18T19:27:15","date_gmt":"2019-09-18T22:27:15","guid":{"rendered":"http:\/\/guilhermepimentel.com.br\/?page_id=301"},"modified":"2020-03-08T13:33:08","modified_gmt":"2020-03-08T16:33:08","slug":"barras-de-access-o-que-e","status":"publish","type":"page","link":"https:\/\/guilhermepimentel.com.br\/index.php\/barras-de-access-o-que-e\/","title":{"rendered":"Barras de Access &#8211; O que \u00e9."},"content":{"rendered":"<div id=\"pl-301\"  class=\"panel-layout\" ><div id=\"pg-301-0\"  class=\"panel-grid panel-has-style\" ><div class=\"siteorigin-panels-stretch panel-row-style panel-row-style-for-301-0\" data-stretch-type=\"full-stretched\" ><div id=\"pgc-301-0-0\"  class=\"panel-grid-cell\" ><div id=\"panel-301-0-0-0\" class=\"so-panel widget widget_sow-hero panel-first-child panel-last-child\" data-index=\"0\" ><div class=\"panel-widget-style panel-widget-style-for-301-0-0-0\" ><div\n\t\t\t\n\t\t\tclass=\"so-widget-sow-hero so-widget-sow-hero-default-694ec80baa2c-301\"\n\t\t\t\n\t\t>\t\t\t\t<div class=\"sow-slider-base\" style=\"display: none\" tabindex=\"0\">\n\t\t\t\t\t<ul\n\t\t\t\t\tclass=\"sow-slider-images\"\n\t\t\t\t\tdata-settings=\"{&quot;pagination&quot;:true,&quot;speed&quot;:800,&quot;timeout&quot;:8000,&quot;paused&quot;:false,&quot;pause_on_hover&quot;:false,&quot;swipe&quot;:false,&quot;nav_always_show_desktop&quot;:&quot;&quot;,&quot;nav_always_show_mobile&quot;:&quot;&quot;,&quot;breakpoint&quot;:&quot;780px&quot;,&quot;unmute&quot;:false,&quot;anchor&quot;:null}\"\n\t\t\t\t\t\t\t\t\t\tdata-anchor-id=\"\"\n\t\t\t\t>\t\t<li class=\"sow-slider-image  sow-slider-image-cover\" style=\"visibility: visible;;background-color: #333333;background-image: url(https:\/\/guilhermepimentel.com.br\/wp-content\/uploads\/2019\/07\/como-usar-a-inteligencia-artificial-no-marketing-e-melhorar-a-experiencia-do-usuario-825x477.jpg)\" >\n\t\t\t\t\t<div class=\"sow-slider-image-container\">\n\t\t\t<div class=\"sow-slider-image-wrapper\">\n\t\t\t\t<h1 style=\"text-align: center\"><strong>O que s\u00e3o as Barras de Access?<\/strong><\/h1>\n<h2 style=\"text-align: center\"><strong>Access Bars Consciousness\u00ae<\/strong><\/h2>\n\t\t\t<\/div>\n\t\t<\/div>\n\t\t\t\t<\/li>\n\t\t<\/ul>\t\t\t\t<ol class=\"sow-slider-pagination\">\n\t\t\t\t\t\t\t\t\t\t\t<li><a href=\"#\" data-goto=\"0\" aria-label=\"Display slide 1\"><\/a><\/li>\n\t\t\t\t\t\t\t\t\t<\/ol>\n\n\t\t\t\t<div class=\"sow-slide-nav sow-slide-nav-next\">\n\t\t\t\t\t<a href=\"#\" data-goto=\"next\" aria-label=\"Next slide\" data-action=\"next\">\n\t\t\t\t\t\t<em class=\"sow-sld-icon-thin-right\"><\/em>\n\t\t\t\t\t<\/a>\n\t\t\t\t<\/div>\n\n\t\t\t\t<div class=\"sow-slide-nav sow-slide-nav-prev\">\n\t\t\t\t\t<a href=\"#\" data-goto=\"previous\" aria-label=\"Previous slide\" data-action=\"prev\">\n\t\t\t\t\t\t<em class=\"sow-sld-icon-thin-left\"><\/em>\n\t\t\t\t\t<\/a>\n\t\t\t\t<\/div>\n\t\t\t\t<\/div><\/div><\/div><\/div><\/div><\/div><\/div><div id=\"pg-301-1\"  class=\"panel-grid panel-has-style\" ><div class=\"siteorigin-panels-stretch panel-row-style panel-row-style-for-301-1\" data-stretch-type=\"full-stretched-padded\" ><div id=\"pgc-301-1-0\"  class=\"panel-grid-cell\" ><div id=\"panel-301-1-0-0\" class=\"so-panel widget widget_sow-headline panel-first-child\" data-index=\"1\" ><div class=\"panel-widget-style panel-widget-style-for-301-1-0-0\" ><div\n\t\t\t\n\t\t\tclass=\"so-widget-sow-headline so-widget-sow-headline-default-4eee745bf24d-301\"\n\t\t\t\n\t\t><div class=\"sow-headline-container \">\n\t\t\t\t\t\t\t<h1 class=\"sow-headline\">\n\t\t\t\t\t\tUma nova ferramenta qu\u00e2ntica de expans\u00e3o da consci\u00eancia\t\t\t\t\t\t<\/h1>\n\t\t\t\t\t\t<\/div>\n<\/div><\/div><\/div><div id=\"panel-301-1-0-1\" class=\"so-panel widget widget_sow-editor\" data-index=\"2\" ><div class=\"panel-widget-style panel-widget-style-for-301-1-0-1\" ><div\n\t\t\t\n\t\t\tclass=\"so-widget-sow-editor so-widget-sow-editor-base\"\n\t\t\t\n\t\t>\n<div class=\"siteorigin-widget-tinymce textwidget\">\n\t<p>Trata-se de uma ferramenta energ\u00e9tica de expans\u00e3o da consci\u00eancia criada em 1990 pelo norte-americano Gary Douglas, fundador do Access Consciousness. Hoje, a t\u00e9cnica est\u00e1 presente em 175 pa\u00edses e tem sido utilizada por mais de 35 mil pessoas nos \u00faltimos 25 anos. H\u00e1 cinco anos, chegou por aqui e tem sido cada vez mais falada nas redes sociais brasileiras.<\/p>\n<p>O slogan de Access Consciousness diz: \u201cEmpoderando as pessoas a saberem o que j\u00e1 sabem\u201d. Desta forma, eles desenvolveram dezenas de processos verbais e corporais para permitir o acesso \u00e0 consci\u00eancia e o empoderamento pessoal atrav\u00e9s do uso da energia e da frequ\u00eancia dos pensamentos. A terapia das Barras de Access \u00e9 primeira e mais popular destas t\u00e9cnicas e prop\u00f5e uma mudan\u00e7a de vida atrav\u00e9s da libera\u00e7\u00e3o de energias acumuladas no campo energ\u00e9tico das pessoas - a maior parte delas atuando em n\u00edvel inconsciente nas mais diversas \u00e1reas da vida.<\/p>\n<\/div>\n<\/div><\/div><\/div><div id=\"panel-301-1-0-2\" class=\"so-panel widget widget_sow-headline\" data-index=\"3\" ><div class=\"panel-widget-style panel-widget-style-for-301-1-0-2\" ><div\n\t\t\t\n\t\t\tclass=\"so-widget-sow-headline so-widget-sow-headline-default-4eee745bf24d-301\"\n\t\t\t\n\t\t><div class=\"sow-headline-container \">\n\t\t\t\t\t\t\t<h1 class=\"sow-headline\">\n\t\t\t\t\t\tComo funcionam as Barras de Access\t\t\t\t\t\t<\/h1>\n\t\t\t\t\t\t<\/div>\n<\/div><\/div><\/div><div id=\"panel-301-1-0-3\" class=\"so-panel widget widget_sow-editor panel-last-child\" data-index=\"4\" ><div class=\"panel-widget-style panel-widget-style-for-301-1-0-3\" ><div\n\t\t\t\n\t\t\tclass=\"so-widget-sow-editor so-widget-sow-editor-base\"\n\t\t\t\n\t\t>\n<div class=\"siteorigin-widget-tinymce textwidget\">\n\t<p>Ao todo, as Barras de Access s\u00e3o 32 pontos mapeados ao redor da cabe\u00e7a por onde correm estas energias. Cada um deles corresponde a um aspecto do comportamento humano e de como a pessoa se relaciona com eles, tais como: dinheiro, controle, poder, criatividade, corpo, sexualidade, tristeza, alegria, bondade, paz e calma, entre outros. Estes pontos armazenam o componente eletromagn\u00e9tico de todos os pensamentos, ideias, atitudes, decis\u00f5es e cren\u00e7as que as pessoas t\u00eam sobre qualquer coisa. E \u00e9 isso o que bloqueia o fluxo livre da energia vital, que possibilita a auto-realiza\u00e7\u00e3o pessoal.<\/p>\n<p>Na pr\u00e1tica, por exemplo, poder\u00edamos citar a dificuldade de algu\u00e9m que, apesar de trabalhar bastante, tem problemas com sua prosperidade material e acaba se relacionando mal com dinheiro, tornando-se pouco realizada nesta \u00e1rea \u2013 o que \u00e9 bastante comum com a maioria das pessoas. Isso acontece porque muitas vezes, desde pequenos, ouvimos express\u00f5es como: \u201cDinheiro \u00e9 sujo!\u201d, \u201cSeu pai n\u00e3o \u00e9 rico!\u201d ou \u201cIsso n\u00e3o \u00e9 para voc\u00ea!\u201d. Estes pensamentos se acumulam no subconsciente, alterando a energia original da pessoa \u2013 o que limita a percep\u00e7\u00e3o que ela tem e cria a separa\u00e7\u00e3o da consci\u00eancia universal por cren\u00e7as de n\u00e3o-merecimento. \u00c9 isso o que gera dificuldades para ela ter e receber tudo o que esteja relacionado com sua prosperidade material. O mesmo processo serve para cren\u00e7as de quem tem dificuldades de emagrecer ou de se relacionar com o pr\u00f3prio corpo, com a sexualidade, com a pr\u00f3pria raiva, entre outros fatores.<\/p>\n<p>O leve toque com os dedos nestes 32 pontos, de acordo com o fundador da t\u00e9cnica, libera o fluxo destas energias e permite o acesso \u00e0 consci\u00eancia, num princ\u00edpio de harmoniza\u00e7\u00e3o energ\u00e9tico parecido, por exemplo, com um tratamento de acupuntura.<\/p>\n<p>A consci\u00eancia, conforme prop\u00f5e Access Consciouness, \u00e9 o Todo: inclui tudo e nada julga. Assim, n\u00e3o existem conceitos de certo e errado, bom e mau - numa vis\u00e3o dualista da realidade como a maioria das pessoas enxergam a vida. Acessar a consci\u00eancia \u00e9 estar aberto a tudo sem pontos de vista fixos para saber receber. Com as barreiras energ\u00e9ticas dilu\u00eddas, ap\u00f3s a aplica\u00e7\u00e3o da t\u00e9cnica, permite-se a livre circula\u00e7\u00e3o do fluxo de energia natural, sem julgamentos \u2013 seja sobre si mesmo, em rela\u00e7\u00e3o aos outros ou dos outros em rela\u00e7\u00e3o a voc\u00ea. Entrar neste estado de unidade, atrav\u00e9s da percep\u00e7\u00e3o de uma vida mais consciente, \u00e9 a chave para criar a realidade que cada um deseja para si.<\/p>\n<p>Ao \u201ccorrer as barras\u201d de algu\u00e9m, como se diz, \u00e9 como se os mecanismos de controle que ficam implantados em nossos pensamentos fossem baixados e essas cren\u00e7as limitantes fossem apagadas do nosso banco de mem\u00f3rias quando os pontos s\u00e3o tocados. Esse processo facilita a expans\u00e3o da consci\u00eancia e abre a percep\u00e7\u00e3o para uma nova forma ilimitada de ver as coisas. \u00c9 nisso que a terapia se baseia para criar mudan\u00e7as de vida: com os pontos de vista descriados, aumenta-se o campo das escolhas e \u00e9 aqui as Barras de Access come\u00e7am a se relacionar com o mundo de infinitas possibilidades da f\u00edsica qu\u00e2ntica.<\/p>\n<p>Quem passa pela sess\u00e3o, que dura aproximadamente uma hora e meia, costuma entrar num profundo estado de relaxamento, chegando a adormecer muitas vezes. Quando o atendimento termina, \u00e9 comum a sensa\u00e7\u00e3o de leveza e empoderamento, como se o ego que controla as nossas mentes estivesse mais dissolvido e o acesso \u00e0 consci\u00eancia, mais facilitado.<\/p>\n<p>Muitos terapeutas, coachs e profissionais de sa\u00fade mental e \u00e1reas<br \/>\ncorrelacionadas t\u00eam descoberto nas Barras de Access uma forma complementar aos tratamentos tradicionais - como uma maneira de acelerar certos processos para criar mais consci\u00eancia em seus pacientes. Um dos aspectos mais ressaltados por eles \u00e9 a simplicidade da t\u00e9cnica, que pode ser aprendida em um curso de apenas oito horas, em um \u00fanico dia, bem como a rapidez de resultados, sentidos j\u00e1 numa primeira aplica\u00e7\u00e3o \u2013 ainda que o recomendado seja uma m\u00e9dia de dez sess\u00f5es para um tratamento mais efetivo.<\/p>\n<\/div>\n<\/div><\/div><\/div><\/div><div id=\"pgc-301-1-1\"  class=\"panel-grid-cell\" ><div id=\"panel-301-1-1-0\" class=\"so-panel widget widget_sow-headline panel-first-child\" data-index=\"5\" ><div class=\"panel-widget-style panel-widget-style-for-301-1-1-0\" ><div\n\t\t\t\n\t\t\tclass=\"so-widget-sow-headline so-widget-sow-headline-default-4eee745bf24d-301\"\n\t\t\t\n\t\t><div class=\"sow-headline-container \">\n\t\t\t\t\t\t\t<h1 class=\"sow-headline\">\n\t\t\t\t\t\tO que diz a neuroci\u00eancia?\t\t\t\t\t\t<\/h1>\n\t\t\t\t\t\t<\/div>\n<\/div><\/div><\/div><div id=\"panel-301-1-1-1\" class=\"so-panel widget widget_media_image\" data-index=\"6\" ><img loading=\"lazy\" decoding=\"async\" width=\"450\" height=\"412\" src=\"https:\/\/guilhermepimentel.com.br\/wp-content\/uploads\/2019\/09\/cabeca.jpg\" class=\"image wp-image-322  attachment-450x412 size-450x412\" alt=\"\" style=\"max-width: 100%; height: auto;\" srcset=\"https:\/\/guilhermepimentel.com.br\/wp-content\/uploads\/2019\/09\/cabeca.jpg 633w, https:\/\/guilhermepimentel.com.br\/wp-content\/uploads\/2019\/09\/cabeca-300x275.jpg 300w\" sizes=\"100vw\" \/><\/div><div id=\"panel-301-1-1-2\" class=\"so-panel widget widget_sow-editor\" data-index=\"7\" ><div\n\t\t\t\n\t\t\tclass=\"so-widget-sow-editor so-widget-sow-editor-base\"\n\t\t\t\n\t\t>\n<div class=\"siteorigin-widget-tinymce textwidget\">\n\t<p>Mais recentemente, as Barras de Access come\u00e7aram a ser estudadas pela comunidade cient\u00edfica. Os fundadores de Access Consciousness encomendaram um estudo junto ao neurocientista Ph.D, Dr. Jeffrey L. Fannin. Ele analisou e mapeou, atrav\u00e9s de eletroencefalogramas, o comportamento das ondas cerebrais antes e depois da aplica\u00e7\u00e3o das Barras de Access.<\/p>\n<p>\u201cQuando vi os resultados, fiquei de queixo ca\u00eddo!\u201d, diz Dr. Fannin, num v\u00eddeo do youtube, onde ele demonstra os resultados desta experi\u00eancia, \u201cFoi algo jamais visto em mais de 16 anos de carreira\u201d, afirma.<\/p>\n<p>No estudo, inicialmente o c\u00e9rebro mapeado mostra uma atividade normal intensa, com frequ\u00eancias altas do funcionamento da mente de uma pessoa \u2013 com as chamadas ondas deltas, registradas em vermelho. Logo ap\u00f3s a sess\u00e3o de Barras, os gr\u00e1ficos mostram uma evidente diminui\u00e7\u00e3o dessa atividade cerebral, em especial nas \u00e1reas de foco, concentra\u00e7\u00e3o e aten\u00e7\u00e3o. (Veja nas ilustra\u00e7\u00f5es)<\/p>\n<p>Para demonstrar a efic\u00e1cia das Barras de Access, Dr.Fannin tamb\u00e9m usa na compara\u00e7\u00e3o registros de ondas cerebrais feitos com praticantes avan\u00e7ados de medita\u00e7\u00e3o (que praticavam por 2 horas di\u00e1rias), onde pode ser observado um alinhamento da fase e da coer\u00eancia entre as ondas cerebrais e as ondas do cora\u00e7\u00e3o. \u201c\u00c9 isso o que permitem que as pessoas tenham experi\u00eancias \u2018m\u00e1gicas\u2019 de eleva\u00e7\u00e3o espiritual consciente com o alinhamento da pr\u00f3pria energia dos chakras. O que percebi n\u00e3o \u00e9 apenas um alinhamento f\u00edsico completo, estou falando de alinhamento com o universo!\u201d, declarou o neurocientista.<br \/>\nEle explica, ainda, que o t\u00e1lamo \u00e9 a parte do c\u00e9rebro que regula todas essas frequ\u00eancias. Acima dele existe a porta tal\u00e2mica, onde est\u00e3o as c\u00e9lulas reticulares, que se conectam a outras c\u00e9lulas que crescem para fora do c\u00e9rebro e terminam no chakra da coroa, que se comunica diretamente com o campo qu\u00e2ntico de informa\u00e7\u00f5es presentes no universo. \u201c\u00c9 a nossa antena!\u201d, resume.<\/p>\n<p>Com a mente funcionando em baixa frequ\u00eancia, ap\u00f3s a aplica\u00e7\u00e3o das Barras de Access, \u00e9 poss\u00edvel receber de forma mais livre as frequ\u00eancias do Campo Qu\u00e2ntico do universo \u2013 algo bem parecido com o estado meditativo. \u201cEstas informa\u00e7\u00f5es entram pelo c\u00e9rebro atrav\u00e9s da porta tal\u00e2mica e todas as frequ\u00eancias se distribuem ali, convertendo-se em resson\u00e2ncia. E as c\u00e9lulas do corpo ressoam com essa mesma vibra\u00e7\u00e3o. Ser capaz de fundir essa energia e uni-la, \u00e9 absolutamente poss\u00edvel com este processo\u201d, garante o Dr. Fannin. E ele ainda acrescenta: \u201cA habilidade de aproveitar essa energia e come\u00e7ar a trabalhar com ela dentro de si n\u00e3o \u00e9 uma m\u00e1gica da ci\u00eancia. Mas \u00e9 a ci\u00eancia ajudando a mostrar o que est\u00e1 acontecendo e como acontece o fluxo dessa energia dentro de um indiv\u00edduo\u201d.<\/p>\n<p>O v\u00eddeo foi gravado na Confer\u00eancia de Knock Secret, em San Diego, EUA e pode ser visto no link: <a href=\"http:\/\/bit.ly\/video_neurociencia_barrasdeaccess\" target=\"_blank\" rel=\"noopener\">bit.ly\/video_neurociencia_barrasdeaccess<\/a> (n\u00e3o se esque\u00e7a de habilitar a tradu\u00e7\u00e3o autom\u00e1tica de legendas para o Portugu\u00eas). Para ver o v\u00eddeo sobre a aplica\u00e7\u00e3o das Barras de Access, acesse: <a href=\"http:\/\/bit.ly\/video_barrasdeaccess\" target=\"_blank\" rel=\"noopener\">bit.ly\/v\u00eddeo_barrasdeaccess<\/a>.<\/p>\n<\/div>\n<\/div><\/div><div id=\"panel-301-1-1-3\" class=\"so-panel widget widget_media_image panel-last-child\" data-index=\"8\" ><img loading=\"lazy\" decoding=\"async\" width=\"470\" height=\"406\" src=\"https:\/\/guilhermepimentel.com.br\/wp-content\/uploads\/2019\/09\/Barras-Floripa-3-768x664.png\" class=\"image wp-image-342  attachment-470x406 size-470x406\" alt=\"\" style=\"max-width: 100%; height: auto;\" srcset=\"https:\/\/guilhermepimentel.com.br\/wp-content\/uploads\/2019\/09\/Barras-Floripa-3-768x664.png 768w, https:\/\/guilhermepimentel.com.br\/wp-content\/uploads\/2019\/09\/Barras-Floripa-3-300x259.png 300w, https:\/\/guilhermepimentel.com.br\/wp-content\/uploads\/2019\/09\/Barras-Floripa-3-1024x885.png 1024w, https:\/\/guilhermepimentel.com.br\/wp-content\/uploads\/2019\/09\/Barras-Floripa-3.png 1056w\" sizes=\"100vw\" \/><\/div><\/div><\/div><\/div><div id=\"pg-301-2\"  class=\"panel-grid panel-has-style\" ><div class=\"siteorigin-panels-stretch panel-row-style panel-row-style-for-301-2\" data-stretch-type=\"full\" ><div id=\"pgc-301-2-0\"  class=\"panel-grid-cell\" ><div id=\"panel-301-2-0-0\" class=\"so-panel widget widget_sow-button panel-first-child\" data-index=\"9\" ><div class=\"panel-widget-style panel-widget-style-for-301-2-0-0\" ><div\n\t\t\t\n\t\t\tclass=\"so-widget-sow-button so-widget-sow-button-atom-f54c0409268f-301\"\n\t\t\t\n\t\t><div class=\"ow-button-base ow-button-align-center\"\n>\n\t\t\t<a\n\t\t\t\t\thref=\"https:\/\/guilhermepimentel.com.br\/index.php\/novas-turmas\/\"\n\t\t\t\t\tclass=\"sowb-button ow-icon-placement-left ow-button-hover\" target=\"_blank\" rel=\"noopener noreferrer\" \t>\n\t\t<span>\n\t\t\t\n\t\t\tCurso de Barras de Access - Novas turmas.\t\t<\/span>\n\t\t\t<\/a>\n\t<\/div>\n<\/div><\/div><\/div><div id=\"panel-301-2-0-1\" class=\"so-panel widget widget_sow-editor panel-last-child\" data-index=\"10\" ><div class=\"panel-widget-style panel-widget-style-for-301-2-0-1\" ><div\n\t\t\t\n\t\t\tclass=\"so-widget-sow-editor so-widget-sow-editor-base\"\n\t\t\t\n\t\t>\n<div class=\"siteorigin-widget-tinymce textwidget\">\n\t<p style=\"text-align: center;\">Texto retirado da Revista Digital Sa\u00fade Qu\u00e2ntica.<\/p>\n<p style=\"text-align: center;\">De autoria de Paulo Castilho.\u00a0 \u00a0 Obrigado Paulo.<\/p>\n<p>Link para o artigo original na revista: https:\/\/www.revistasa\u00fadequantica.com.br\/Artigos\/Saude-quantica\/87-O-que-e-barras-de-access\/<\/p>\n<\/div>\n<\/div><\/div><\/div><\/div><\/div><\/div><div id=\"pg-301-3\"  class=\"panel-grid panel-no-style\" ><div id=\"pgc-301-3-0\"  class=\"panel-grid-cell\" ><div id=\"panel-301-3-0-0\" class=\"so-panel widget widget_media_video panel-first-child panel-last-child\" data-index=\"11\" ><h3 class=\"widget-title\">Dr. Jeffrey L. Fannin Phd<\/h3><div style=\"width:100%;\" class=\"wp-video\"><!--[if lt IE 9]><script>document.createElement('video');<\/script><![endif]-->\n<video class=\"wp-video-shortcode\" id=\"video-301-1\" preload=\"metadata\" controls=\"controls\"><source type=\"video\/youtube\" src=\"https:\/\/www.youtube.com\/watch?v=DgGbFRjqQPk&#038;_=1\" \/><a href=\"https:\/\/www.youtube.com\/watch?v=DgGbFRjqQPk\">https:\/\/www.youtube.com\/watch?v=DgGbFRjqQPk<\/a><\/video><\/div><\/div><\/div><div id=\"pgc-301-3-1\"  class=\"panel-grid-cell\" ><div id=\"panel-301-3-1-0\" class=\"so-panel widget widget_media_video panel-first-child panel-last-child\" data-index=\"12\" ><h3 class=\"widget-title\">Access Consciousness The Bars<\/h3><div style=\"width:100%;\" class=\"wp-video\"><video class=\"wp-video-shortcode\" id=\"video-301-2\" preload=\"metadata\" controls=\"controls\"><source type=\"video\/youtube\" src=\"https:\/\/www.youtube.com\/watch?v=X2HWH9fG_40&#038;_=2\" \/><a href=\"https:\/\/www.youtube.com\/watch?v=X2HWH9fG_40\">https:\/\/www.youtube.com\/watch?v=X2HWH9fG_40<\/a><\/video><\/div><\/div><\/div><\/div><div id=\"pg-301-4\"  class=\"panel-grid panel-no-style\" ><div id=\"pgc-301-4-0\"  class=\"panel-grid-cell\" ><div id=\"panel-301-4-0-0\" class=\"so-panel widget widget_sow-headline panel-first-child panel-last-child\" data-index=\"13\" ><div\n\t\t\t\n\t\t\tclass=\"so-widget-sow-headline so-widget-sow-headline-default-2a1095f6f970-301\"\n\t\t\t\n\t\t><div class=\"sow-headline-container \">\n\t\t\t\t\t\t\t<h1 class=\"sow-headline\">\n\t\t\t\t\t\t\t\t\t\t\t\t\t<a href=\"http:\/\/www.guilhermepimentel.com.br\" >\n\t\t\t\t\t\t\t\tVoltar a p\u00e1gina inicial.<\/a>\t\t\t\t\t\t<\/h1>\n\t\t\t\t\t\t\t\t\t\t\t<div class=\"decoration\">\n\t\t\t\t\t\t<div class=\"decoration-inside\"><\/div>\n\t\t\t\t\t<\/div>\n\t\t\t\t\t<\/div>\n<\/div><\/div><\/div><\/div><\/div>","protected":false},"excerpt":{"rendered":"<p>Trata-se de uma ferramenta energ\u00e9tica de expans\u00e3o da consci\u00eancia criada em 1990 pelo norte-americano Gary Douglas, fundador do Access Consciousness. Hoje, a t\u00e9cnica est\u00e1 presente em 175 pa\u00edses e tem sido utilizada por mais de 35 mil pessoas nos \u00faltimos 25 anos. H\u00e1 cinco anos, chegou por aqui e tem sido cada vez mais falada &hellip; <\/p>\n<p class=\"link-more\"><a href=\"https:\/\/guilhermepimentel.com.br\/index.php\/barras-de-access-o-que-e\/\" class=\"more-link\">Continue reading<span class=\"screen-reader-text\"> &#8220;Barras de Access &#8211; O que \u00e9.&#8221;<\/span><\/a><\/p>\n","protected":false},"author":1,"featured_media":0,"parent":0,"menu_order":0,"comment_status":"closed","ping_status":"closed","template":"","meta":{"footnotes":""},"_links":{"self":[{"href":"https:\/\/guilhermepimentel.com.br\/index.php\/wp-json\/wp\/v2\/pages\/301"}],"collection":[{"href":"https:\/\/guilhermepimentel.com.br\/index.php\/wp-json\/wp\/v2\/pages"}],"about":[{"href":"https:\/\/guilhermepimentel.com.br\/index.php\/wp-json\/wp\/v2\/types\/page"}],"author":[{"embeddable":true,"href":"https:\/\/guilhermepimentel.com.br\/index.php\/wp-json\/wp\/v2\/users\/1"}],"replies":[{"embeddable":true,"href":"https:\/\/guilhermepimentel.com.br\/index.php\/wp-json\/wp\/v2\/comments?post=301"}],"version-history":[{"count":61,"href":"https:\/\/guilhermepimentel.com.br\/index.php\/wp-json\/wp\/v2\/pages\/301\/revisions"}],"predecessor-version":[{"id":1057,"href":"https:\/\/guilhermepimentel.com.br\/index.php\/wp-json\/wp\/v2\/pages\/301\/revisions\/1057"}],"wp:attachment":[{"href":"https:\/\/guilhermepimentel.com.br\/index.php\/wp-json\/wp\/v2\/media?parent=301"}],"curies":[{"name":"wp","href":"https:\/\/api.w.org\/{rel}","templated":true}]}}