{"id":208,"date":"2019-08-11T15:09:17","date_gmt":"2019-08-11T18:09:17","guid":{"rendered":"http:\/\/guilhermepimentel.com.br\/?page_id=208"},"modified":"2021-03-04T10:57:49","modified_gmt":"2021-03-04T13:57:49","slug":"gratoinscricaobrarras","status":"publish","type":"page","link":"https:\/\/guilhermepimentel.com.br\/index.php\/gratoinscricaobrarras\/","title":{"rendered":"Obrigado por sua inscri\u00e7\u00e3o &#8211; Barras"},"content":{"rendered":"<div id=\"pl-208\"  class=\"panel-layout\" ><div id=\"pg-208-0\"  class=\"panel-grid panel-has-style\" ><div class=\"siteorigin-panels-stretch panel-row-style panel-row-style-for-208-0\" data-stretch-type=\"full-stretched\" ><div id=\"pgc-208-0-0\"  class=\"panel-grid-cell\" ><div id=\"panel-208-0-0-0\" class=\"so-panel widget widget_sow-hero panel-first-child panel-last-child\" data-index=\"0\" ><div\n\t\t\t\n\t\t\tclass=\"so-widget-sow-hero so-widget-sow-hero-default-5bf7b2e269ed-208 so-widget-fittext-wrapper\"\n\t\t\t\n\t\t>\t\t\t\t<div class=\"sow-slider-base\" style=\"display: none\" tabindex=\"0\">\n\t\t\t\t\t<ul\n\t\t\t\t\tclass=\"sow-slider-images\"\n\t\t\t\t\tdata-settings=\"{&quot;pagination&quot;:true,&quot;speed&quot;:800,&quot;timeout&quot;:8000,&quot;paused&quot;:false,&quot;pause_on_hover&quot;:false,&quot;swipe&quot;:true,&quot;nav_always_show_desktop&quot;:&quot;&quot;,&quot;nav_always_show_mobile&quot;:&quot;&quot;,&quot;breakpoint&quot;:&quot;780px&quot;,&quot;unmute&quot;:false,&quot;anchor&quot;:null}\"\n\t\t\t\t\t\t\t\t\t\tdata-anchor-id=\"\"\n\t\t\t\t>\t\t<li class=\"sow-slider-image  sow-slider-image-cover\" style=\"visibility: visible;;background-color: #222222\" >\n\t\t\t\t\t<div class=\"sow-slider-image-container\">\n\t\t\t<div class=\"sow-slider-image-wrapper\">\n\t\t\t\t<h1 style=\"text-align: center\">Obrigado por seu interesse no Curso de Barras de Access. Para sua inscri\u00e7\u00e3o clique abaixo.<\/h1>\n<p style=\"text-align: center\">Nos bot\u00f5es abaixo voc\u00ea pode escolher a sua op\u00e7\u00e3o.<\/p>\n<p style=\"text-align: center\">Ou fale comigo no <a href=\"https:\/\/bit.ly\/oiguilherme\">(21)98726-3767<\/a><\/p>\n<div class=\"sow-hero-buttons\" style=\"text-align: center\"><div\n\t\t\t\n\t\t\tclass=\"so-widget-sow-button so-widget-sow-button-flat-b29bb1c3505d\"\n\t\t\t\n\t\t><div class=\"ow-button-base ow-button-align-center\"\n>\n\t\t\t<a\n\t\t\t\t\thref=\"https:\/\/pag.ae\/7WPFAdjxN\"\n\t\t\t\t\tclass=\"sowb-button ow-icon-placement-left ow-button-hover\" target=\"_blank\" rel=\"noopener noreferrer\" \t>\n\t\t<span>\n\t\t\t\n\t\t\tPRIMEIRA FORMA\u00c7\u00c3O\t\t<\/span>\n\t\t\t<\/a>\n\t<\/div>\n<\/div><div\n\t\t\t\n\t\t\tclass=\"so-widget-sow-button so-widget-sow-button-flat-b29bb1c3505d\"\n\t\t\t\n\t\t><div class=\"ow-button-base ow-button-align-center\"\n>\n\t\t\t<a\n\t\t\t\t\thref=\"https:\/\/pag.ae\/7WPFBwE15\"\n\t\t\t\t\tclass=\"sowb-button ow-icon-placement-left ow-button-hover\" target=\"_blank\" rel=\"noopener noreferrer\" \t>\n\t\t<span>\n\t\t\t\n\t\t\tFORMA\u00c7\u00c3O ADICIONAL\t\t<\/span>\n\t\t\t<\/a>\n\t<\/div>\n<\/div><\/div>\n\t\t\t<\/div>\n\t\t<\/div>\n\t\t<div class=\"sow-slider-image-overlay sow-slider-image-cover\" style=\"opacity: 0.6;background-image: url(https:\/\/guilhermepimentel.com.br\/wp-content\/uploads\/2019\/08\/barras-2222-300x289.png)\"  ><\/div>\t\t<\/li>\n\t\t<\/ul>\t\t\t\t<ol class=\"sow-slider-pagination\">\n\t\t\t\t\t\t\t\t\t\t\t<li><a href=\"#\" data-goto=\"0\" aria-label=\"Display slide 1\"><\/a><\/li>\n\t\t\t\t\t\t\t\t\t<\/ol>\n\n\t\t\t\t<div class=\"sow-slide-nav sow-slide-nav-next\">\n\t\t\t\t\t<a href=\"#\" data-goto=\"next\" aria-label=\"Next slide\" data-action=\"next\">\n\t\t\t\t\t\t<em class=\"sow-sld-icon-thin-right\"><\/em>\n\t\t\t\t\t<\/a>\n\t\t\t\t<\/div>\n\n\t\t\t\t<div class=\"sow-slide-nav sow-slide-nav-prev\">\n\t\t\t\t\t<a href=\"#\" data-goto=\"previous\" aria-label=\"Previous slide\" data-action=\"prev\">\n\t\t\t\t\t\t<em class=\"sow-sld-icon-thin-left\"><\/em>\n\t\t\t\t\t<\/a>\n\t\t\t\t<\/div>\n\t\t\t\t<\/div><\/div><\/div><\/div><\/div><\/div><div id=\"pg-208-1\"  class=\"panel-grid panel-has-style\" ><div class=\"siteorigin-panels-stretch panel-row-style panel-row-style-for-208-1\" id=\"blog\" data-stretch-type=\"full\" ><div id=\"pgc-208-1-0\"  class=\"panel-grid-cell\" ><div id=\"panel-208-1-0-0\" class=\"so-panel widget widget_sow-headline panel-first-child panel-last-child\" data-index=\"1\" ><div\n\t\t\t\n\t\t\tclass=\"so-widget-sow-headline so-widget-sow-headline-default-07cd371bbd8d-208\"\n\t\t\t\n\t\t><div class=\"sow-headline-container \">\n\t\t\t\t\t\t\t<h1 class=\"sow-headline\">\n\t\t\t\t\t\t\t\t\t\t\t\t\t<a href=\"http:\/\/www.guilhermepimentel.com.br\" >\n\t\t\t\t\t\t\t\t<b>VOLTAR A P\u00c1GINA INICIAL<\/b> <\/a>\t\t\t\t\t\t<\/h1>\n\t\t\t\t\t\t<\/div>\n<\/div><\/div><\/div><\/div><\/div><div id=\"pg-208-2\"  class=\"panel-grid panel-has-style\" ><div class=\"siteorigin-panels-stretch panel-row-style panel-row-style-for-208-2\" id=\"contact\" data-stretch-type=\"full\" ><div id=\"pgc-208-2-0\"  class=\"panel-grid-cell panel-grid-cell-empty\" ><\/div><\/div><\/div><\/div>","protected":false},"excerpt":{"rendered":"<p>Obrigado por seu interesse no Curso de Barras de Access. Para sua inscri\u00e7\u00e3o clique abaixo. Nos bot\u00f5es abaixo voc\u00ea pode escolher a sua op\u00e7\u00e3o. Ou fale comigo no (21)98726-3767 PRIMEIRA FORMA\u00c7\u00c3O FORMA\u00c7\u00c3O ADICIONAL VOLTAR A P\u00c1GINA INICIAL<\/p>\n","protected":false},"author":1,"featured_media":0,"parent":0,"menu_order":0,"comment_status":"closed","ping_status":"closed","template":"","meta":{"footnotes":""},"_links":{"self":[{"href":"https:\/\/guilhermepimentel.com.br\/index.php\/wp-json\/wp\/v2\/pages\/208"}],"collection":[{"href":"https:\/\/guilhermepimentel.com.br\/index.php\/wp-json\/wp\/v2\/pages"}],"about":[{"href":"https:\/\/guilhermepimentel.com.br\/index.php\/wp-json\/wp\/v2\/types\/page"}],"author":[{"embeddable":true,"href":"https:\/\/guilhermepimentel.com.br\/index.php\/wp-json\/wp\/v2\/users\/1"}],"replies":[{"embeddable":true,"href":"https:\/\/guilhermepimentel.com.br\/index.php\/wp-json\/wp\/v2\/comments?post=208"}],"version-history":[{"count":13,"href":"https:\/\/guilhermepimentel.com.br\/index.php\/wp-json\/wp\/v2\/pages\/208\/revisions"}],"predecessor-version":[{"id":1325,"href":"https:\/\/guilhermepimentel.com.br\/index.php\/wp-json\/wp\/v2\/pages\/208\/revisions\/1325"}],"wp:attachment":[{"href":"https:\/\/guilhermepimentel.com.br\/index.php\/wp-json\/wp\/v2\/media?parent=208"}],"curies":[{"name":"wp","href":"https:\/\/api.w.org\/{rel}","templated":true}]}}