{"id":157,"date":"2019-07-27T23:15:56","date_gmt":"2019-07-28T02:15:56","guid":{"rendered":"http:\/\/guilhermepimentel.com.br\/?page_id=157"},"modified":"2019-11-05T20:48:29","modified_gmt":"2019-11-05T22:48:29","slug":"mini-cv","status":"publish","type":"page","link":"https:\/\/guilhermepimentel.com.br\/index.php\/mini-cv\/","title":{"rendered":"Mini Biografia"},"content":{"rendered":"<div id=\"pl-157\"  class=\"panel-layout\" ><div id=\"pg-157-0\"  class=\"panel-grid panel-has-style\" ><div class=\"siteorigin-panels-stretch panel-row-style panel-row-style-for-157-0\" id=\"contact\" data-stretch-type=\"full\" ><div id=\"pgc-157-0-0\"  class=\"panel-grid-cell\" ><div id=\"panel-157-0-0-0\" class=\"so-panel widget widget_sow-headline panel-first-child panel-last-child\" data-index=\"0\" ><div\n\t\t\t\n\t\t\tclass=\"so-widget-sow-headline so-widget-sow-headline-default-cfb68651eeb8-157\"\n\t\t\t\n\t\t><div class=\"sow-headline-container \">\n\t\t\t\t\t\t\t<h1 class=\"sow-headline\">\n\t\t\t\t\t\tUm Pouquinho de Mim\t\t\t\t\t\t<\/h1>\n\t\t\t\t\t\t\t\t\t\t\t\t<p class=\"sow-sub-headline\">\n\t\t\t\t\t\tMinha Mini Biografia. Bem resumida!\t\t\t\t\t\t<\/p>\n\t\t\t\t\t\t<\/div>\n<\/div><\/div><\/div><\/div><\/div><div id=\"pg-157-1\"  class=\"panel-grid panel-has-style\" ><div class=\"siteorigin-panels-stretch panel-row-style panel-row-style-for-157-1\" data-stretch-type=\"full\" ><div id=\"pgc-157-1-0\"  class=\"panel-grid-cell\" ><div id=\"panel-157-1-0-0\" class=\"so-panel widget widget_sow-editor panel-first-child\" data-index=\"1\" ><div class=\"panel-widget-style panel-widget-style-for-157-1-0-0\" ><div\n\t\t\t\n\t\t\tclass=\"so-widget-sow-editor so-widget-sow-editor-base\"\n\t\t\t\n\t\t>\n<div class=\"siteorigin-widget-tinymce textwidget\">\n\t<h2><span style=\"color: #ccffff;\"><strong>Um pouco de mim.<\/strong><\/span><\/h2>\n<h2><span style=\"color: #ccffff;\"><strong>Sempre fui ligado as coisas mais sutis da vida. Pois percebia que o sutil \u00e9 a fonte de tudo.<\/strong><\/span><\/h2>\n<h2><span style=\"color: #ccffff;\"><strong>Nasci muito doente com bronquite asm\u00e1tica e quase fiz a passagem algumas vezes. Durante esses momentos de quase morte algumas coisas estranhas aconteciam. Eu sentia como se as coisas se desfizessem a minha volta.<\/strong><\/span><\/h2>\n<h2><span style=\"color: #ccffff;\"><strong>Muito depois vim a entender que era como se eu enxergasse toda essa matriz energ\u00e9tica sem as limita\u00e7\u00f5es dos programas inconscientes.<\/strong><\/span><\/h2>\n<h2><span style=\"color: #ccffff;\"><strong>Eu ainda n\u00e3o fazia menor ideia do que \u00e9 a Mec\u00e2nica Qu\u00e2ntica nem conhecia a filosofia oriental.<\/strong><\/span><\/h2>\n<h2><span style=\"color: #ccffff;\"><strong>Nesses momentos de quase morte me vinham muitos insights e uma conex\u00e3o com alguma forma de intelig\u00eancia que eu n\u00e3o identificava. Hoje entendo que eu recebia algo como que informa\u00e7\u00f5es nesses momentos.<\/strong><\/span><\/h2>\n<h2><span style=\"color: #ccffff;\"><strong>Milagrosamente eu fui curado e embora na inf\u00e2ncia e adolesc\u00eancia eu fosse bastante magro e fraco fisicamente eu tamb\u00e9m era e sou muito saud\u00e1vel.<\/strong><\/span><\/h2>\n<h2><span style=\"color: #ccffff;\"><strong>Busquei na harmonia da m\u00fasica encontrar essa dan\u00e7a das energias e encontrei muita coisa. Me formei m\u00fasico pela Escola Nacional de M\u00fasica no Rio de Janeiro e fui Violinista por muitos anos em uma orquestra para m\u00fasicos iniciantes no Rio.<\/strong><\/span><\/h2>\n<h2><span style=\"color: #ccffff;\"><strong>Mas logo descobri que a m\u00fasica cl\u00e1ssica \u00e9 uma forma dif\u00edcil de manter uma renda no Brasil. E eu n\u00e3o encarava a m\u00fasica como uma carreira profissional, para mim. Eu era muito jovem e acabei indo para a Universidade cursar Engenharia muito pela press\u00e3o da fam\u00edlia pois meu pai \u00e9 engenheiro e eu realmente tinha aptid\u00e3o para a engenharia.<\/strong><\/span><\/h2>\n<h2><span style=\"color: #ccffff;\"><strong>Esse curso n\u00e3o me satisfazia e resolvi cursar a Faculdade de Administra\u00e7\u00e3o. Para satisfazer a fam\u00edlia me mantive nos dois cursos Engenharia de manh\u00e3, Administra\u00e7\u00e3o a tarde e ingl\u00eas a noite. Foi uma \u00e9poca bem agitada. Eu era jovem e tinha energia para isso tudo.<\/strong><\/span><\/h2>\n<h2><span style=\"color: #ccffff;\"><strong>Mas de novo sentia que esse tamb\u00e9m n\u00e3o era o meu caminho (TAO). J\u00e1 curava as pessoas de forma intuitiva com as m\u00e3os e tamb\u00e9m era o \u201couvido\u201d preferido de todos. Algo acontecia com as pessoas que elas simplesmente melhoravam e muito.<\/strong><\/span><\/h2>\n<h2><span style=\"color: #ccffff;\"><strong>Eu tinha que estagiar e n\u00e3o tinha tempo. Ent\u00e3o tranquei a faculdade de Engenharia e pedi transfer\u00eancia do curso de Administra\u00e7\u00e3o para o curso de Economia muito por influ\u00eancia de minha namorada e colega de classe na faculdade. A Economia, como ci\u00eancia social que \u00e9, me dizia mais e fazia com que eu entendesse muita coisa sobre a sociedade que eu vivia na \u00e9poca. Era o fim do regime militar e a volta \u00e0 democracia. Fiz o est\u00e1gio de Economia no Aeroporto Internacional do Rio de Janeiro o que me fez ter contato com muitas pessoas e cren\u00e7as diferentes e mais e mais aconteciam esses epis\u00f3dios de cura intuitiva, mas eu ainda n\u00e3o tinha me acostumado com isso.<\/strong><\/span><\/h2>\n<h2><span style=\"color: #ccffff;\"><strong>Ainda no in\u00edcio do meu curso de Economia descobri a inform\u00e1tica. Fiquei absolutamente deslumbrado com as possibilidades dessa ci\u00eancia ainda muito restrita a alguns poucos privilegiados no ano de 1980. Sequer existia um curso superior de inform\u00e1tica nessa \u00e9poca no Rio.<\/strong><\/span><\/h2>\n<h2><span style=\"color: #ccffff;\"><strong>S\u00f3 que eu n\u00e3o entendi nessa \u00e9poca \u00e9 que o que me deslumbrava era a semelhan\u00e7a dessa ci\u00eancia com os comportamentos do c\u00e9rebro humano.<\/strong><\/span><\/h2>\n<h2><span style=\"color: #ccffff;\"><strong>E as curas continuavam...<\/strong><\/span><\/h2>\n<h2><span style=\"color: #ccffff;\"><strong>Conclu\u00ed o curso de Economia e busquei uma p\u00f3s-gradua\u00e7\u00e3o em Inform\u00e1tica. Mais um ano e ap\u00f3s a conclus\u00e3o da p\u00f3s-gradua\u00e7\u00e3o fui para o mercado de trabalho.<\/strong><\/span><\/h2>\n<h2><span style=\"color: #ccffff;\"><strong>Foi um per\u00edodo que me afastou da minha busca maior. Mesmo assim as curas f\u00edsicas e emocionais continuavam. Algo acontecia e de alguma forma eu sempre pensava que n\u00e3o podia ser s\u00f3 eu. Acreditava e acredito que todos podiam curar. Bastava querer, ter a inten\u00e7\u00e3o.<\/strong><\/span><\/h2>\n<h2><span style=\"color: #ccffff;\"><strong>Me tornei consultor de sistemas me casei tive uma filha e entrei em um turbilh\u00e3o de trabalho e especializa\u00e7\u00f5es que me afastou completamente da busca.<\/strong><\/span><\/h2>\n<h2><span style=\"color: #ccffff;\"><strong>Me formei no MBA em Marketing, me especializei em Business Intelligence e em Gerencia de Projetos de TI. Me certifiquei internacionalmente em Gerencia de Projetos e tamb\u00e9m em Business Intelligence.<\/strong><\/span><\/h2>\n<h2><span style=\"color: #ccffff;\"><strong>Era uma carreira profissional muito estressante e corrida. Foi nessa \u00e9poca que tive a minha primeira crise renal. Uma dor realmente absurda. Algo que s\u00f3 quem j\u00e1 teve sabe o que \u00e9.<\/strong><\/span><\/h2>\n<h2><span style=\"color: #ccffff;\"><strong>Mas eu sabia que n\u00e3o era o meu TAO pois as curas continuavam as pessoas das equipes que gerenciei acabavam sempre me procurando para uma ajuda mais pessoal.<\/strong><\/span><\/h2>\n<h2><span style=\"color: #ccffff;\"><strong>Os anos se passavam e eu ainda na busca.<\/strong><\/span><\/h2>\n<h2><span style=\"color: #ccffff;\"><strong>Comecei a me interessar pela Medicina Tradicional Chinesa e por consequ\u00eancia comecei a conhecer o TAO.<\/strong><\/span><\/h2>\n<h2><span style=\"color: #ccffff;\"><strong>Ent\u00e3o entendi o porqu\u00ea das minhas crises renais, a Medicina Tradicional Chinesa me mostrou. Assim como comecei a entender porque algumas pessoas tinham doen\u00e7as no f\u00edgado e ves\u00edcula. Outras tinham problemas de digest\u00e3o e diabetes. Outras tinham problemas no intestino e nos pulm\u00f5es. Algumas desenvolviam tumores. Outras estavam ansiosas, depressivas e sem ver sa\u00edda para as quest\u00f5es de sua vida atingindo inclusive a prosperidade e etc...<\/strong><\/span><\/h2>\n<h2><span style=\"color: #ccffff;\"><strong>Sempre pesquisei sobre a F\u00edsica Qu\u00e2ntica e sobre as curas alternativas.<\/strong><\/span><\/h2>\n<h2><span style=\"color: #ccffff;\"><strong>Com o in\u00edcio da crise econ\u00f4mica eu fui demitido e o mercado de trabalho se fechou para gerentes de projeto pois n\u00e3o haviam mais projetos no pa\u00eds.<\/strong><\/span><\/h2>\n<h2><span style=\"color: #ccffff;\"><strong>Esse per\u00edodo fora do mercado de trabalho foi maravilhosamente construtivo para mim. Sa\u00ed do louco stress dos projetos de TI e pude pensar em mim e no que queria fazer de minha vida. Eu n\u00e3o desejava mais viver essa vida que tinha.<\/strong><\/span><\/h2>\n<h2><span style=\"color: #ccffff;\"><strong>Continuei na forma\u00e7\u00e3o em Medicina Chinesa e continuei estudando as curas naturais e hol\u00edsticas, notadamente a Qu\u00e2ntica que me fascinava.<\/strong><\/span><\/h2>\n<h2><span style=\"color: #ccffff;\"><strong>Conheci v\u00e1rias curas Qu\u00e2nticas maravilhosas, mas nenhuma me atraia at\u00e9 que encontrei o Access Consciousness.<\/strong><\/span><\/h2>\n<h2><span style=\"color: #ccffff;\"><strong>Estudei o material que havia na Internet e me espantei com o que diziam ser poss\u00edvel.<\/strong><\/span><\/h2>\n<h2><span style=\"color: #ccffff;\"><strong>Como sou muito c\u00e9tico eu em princ\u00edpio desconfiei demais. Achava que era bom demais para ser verdade.<\/strong><\/span><\/h2>\n<h2><span style=\"color: #ccffff;\"><strong>Apesar da desconfian\u00e7a algo me atraia com for\u00e7a. Fiquei por semanas cismado e lendo tudo que encontrava e as informa\u00e7\u00f5es n\u00e3o me satisfaziam. Era pouco. Eu queria saber mais.<\/strong><\/span><\/h2>\n<h2><span style=\"color: #ccffff;\"><strong>Ent\u00e3o tomei a decis\u00e3o mais intuitiva que poderia ter no momento. Mesmo sem nunca ter recebido uma sess\u00e3o de Barras eu fui fazer o curso de Barras de Access.<\/strong><\/span><\/h2>\n<h2><span style=\"color: #ccffff;\"><strong>No curso h\u00e1 muito mais do que apenas Barras e os alunos aplicam Barras duas vezes e recebem duas vezes.<\/strong><\/span><\/h2>\n<h2><span style=\"color: #ccffff;\"><strong>Receber Barras foi uma coisa avassaladora para mim. Pensei: que louco \u00e9 verdade o que eles dizem.<\/strong><\/span><\/h2>\n<h2><span style=\"color: #ccffff;\"><strong>Ent\u00e3o mudei de vida de vez passei a fazer os cursos de Barras, me tornei facilitador e fui fazer o Fundamento que \u00e9 um curso mais avan\u00e7ado do Access que realmente mudou tudo em minha vida. Fui ao encontro da minha verdade. O meu TAO. Entendi que sou um curador. Percebi que no primeiro curso eu j\u00e1 sabia disso.<\/strong><\/span><\/h2>\n<h2><span style=\"color: #ccffff;\"><strong>Entendi as imensas e infinitas possibilidades da Qu\u00e2ntica. E entendi como o milenar TAO j\u00e1 era t\u00e3o qu\u00e2ntico muito antes da ci\u00eancia conseguir entender esses \u201cmist\u00e9rios\u201d do Universo.<\/strong><\/span><\/h2>\n<h2><span style=\"color: #ccffff;\"><strong>Montei meu consult\u00f3rio no centro do Rio de Janeiro e passei a atender as pessoas profissionalmente.<\/strong><\/span><\/h2>\n<h2><span style=\"color: #ccffff;\"><strong>Assumi a miss\u00e3o de transmitir esse conhecimento o que tem sido muito gratificante para mim. Ser facilitador de Access Bars Consciousness (Barras de Acesso a Consci\u00eancia) \u00e9 maravilhoso.<\/strong><\/span><\/h2>\n<h2><span style=\"color: #ccffff;\"><strong>\u00c9 ver a possibilidade de mais e mais pessoas poderem ser tratadas e terem a sua consci\u00eancia ampliada. Fazendo novas escolhas, mudando a vida e mudando a vida a sua volta. Sendo exemplo de que novas escolhas fazem uma nova vida e escolhas conscientes fazem uma vida mais feliz e plena.<\/strong><\/span><\/h2>\n<h2><span style=\"color: #ccffff;\"><strong>Me capacitei em v\u00e1rias ferramentas do Access. Barras de Access, MTVSS, Mem\u00f3ria Celular, Access Facelift, Soma Zero de Trauma, Mimetiza\u00e7\u00e3o, Consci\u00eancia Financeira, Processos Verbais, etc.<\/strong><\/span><\/h2>\n<h2><span style=\"color: #ccffff;\"><strong>Ent\u00e3o conheci a incr\u00edvel Prata Coloidal. Abriu-se em minha frente mais uma enorme possibilidade de cura. Estudei a fundo a Prata Coloidal. Coloquei nisso tudo que j\u00e1 conhecia da F\u00edsica Qu\u00e2ntica e desenvolvi o meu pr\u00f3prio Reator de Prata Coloidal. Tamb\u00e9m desenvolvi um m\u00e9todo \u00fanico no mundo de terapia e gera\u00e7\u00e3o intencionada exclusiva para a pessoa a ser atendida <\/strong><strong>.<\/strong><\/span><\/h2>\n<h2 style=\"text-align: left;\"><span style=\"color: #ccffff;\"><strong>Nos meus atendimentos uso as t\u00e9cnicas que se mostram necess\u00e1rias. Do Access Consciousness e tamb\u00e9m conhecimentos da Medicina Tradicional Chinesa e do TAO. Tamb\u00e9m utilizo o que j\u00e1 utilizava antes de conhecer tudo isso, um conhecimento que canalizei e que sempre deu e d\u00e1 resultados maravilhosos.<\/strong><\/span><\/h2>\n<h2 style=\"text-align: center;\"><\/h2>\n<\/div>\n<\/div><\/div><\/div><div id=\"panel-157-1-0-1\" class=\"so-panel widget widget_sow-headline panel-last-child\" data-index=\"2\" ><div\n\t\t\t\n\t\t\tclass=\"so-widget-sow-headline so-widget-sow-headline-default-06bda39e1a15-157\"\n\t\t\t\n\t\t><div class=\"sow-headline-container \">\n\t\t\t\t\t\t\t<h1 class=\"sow-headline\">\n\t\t\t\t\t\t\t\t\t\t\t\t\t<a href=\"http:\/\/www.guilhermepimentel.com.br\" >\n\t\t\t\t\t\t\t\tVoltar a p\u00e1gina inicial. <\/a>\t\t\t\t\t\t<\/h1>\n\t\t\t\t\t\t\t\t\t\t\t<div class=\"decoration\">\n\t\t\t\t\t\t<div class=\"decoration-inside\"><\/div>\n\t\t\t\t\t<\/div>\n\t\t\t\t\t<\/div>\n<\/div><\/div><\/div><\/div><\/div><\/div>","protected":false},"excerpt":{"rendered":"<p>Um pouco de mim. Sempre fui ligado as coisas mais sutis da vida. Pois percebia que o sutil \u00e9 a fonte de tudo. Nasci muito doente com bronquite asm\u00e1tica e quase fiz a passagem algumas vezes. Durante esses momentos de quase morte algumas coisas estranhas aconteciam. Eu sentia como se as coisas se desfizessem a &hellip; <\/p>\n<p class=\"link-more\"><a href=\"https:\/\/guilhermepimentel.com.br\/index.php\/mini-cv\/\" class=\"more-link\">Continue reading<span class=\"screen-reader-text\"> &#8220;Mini Biografia&#8221;<\/span><\/a><\/p>\n","protected":false},"author":1,"featured_media":0,"parent":0,"menu_order":0,"comment_status":"closed","ping_status":"closed","template":"","meta":{"footnotes":""},"_links":{"self":[{"href":"https:\/\/guilhermepimentel.com.br\/index.php\/wp-json\/wp\/v2\/pages\/157"}],"collection":[{"href":"https:\/\/guilhermepimentel.com.br\/index.php\/wp-json\/wp\/v2\/pages"}],"about":[{"href":"https:\/\/guilhermepimentel.com.br\/index.php\/wp-json\/wp\/v2\/types\/page"}],"author":[{"embeddable":true,"href":"https:\/\/guilhermepimentel.com.br\/index.php\/wp-json\/wp\/v2\/users\/1"}],"replies":[{"embeddable":true,"href":"https:\/\/guilhermepimentel.com.br\/index.php\/wp-json\/wp\/v2\/comments?post=157"}],"version-history":[{"count":21,"href":"https:\/\/guilhermepimentel.com.br\/index.php\/wp-json\/wp\/v2\/pages\/157\/revisions"}],"predecessor-version":[{"id":766,"href":"https:\/\/guilhermepimentel.com.br\/index.php\/wp-json\/wp\/v2\/pages\/157\/revisions\/766"}],"wp:attachment":[{"href":"https:\/\/guilhermepimentel.com.br\/index.php\/wp-json\/wp\/v2\/media?parent=157"}],"curies":[{"name":"wp","href":"https:\/\/api.w.org\/{rel}","templated":true}]}}