{"id":1518,"date":"2021-08-02T09:32:12","date_gmt":"2021-08-02T12:32:12","guid":{"rendered":"http:\/\/guilhermepimentel.com.br\/?page_id=1518"},"modified":"2021-10-05T14:46:17","modified_gmt":"2021-10-05T17:46:17","slug":"piratininga-bettina","status":"publish","type":"page","link":"https:\/\/guilhermepimentel.com.br\/index.php\/piratininga-bettina\/","title":{"rendered":"Piratininga &#8211; Bettina"},"content":{"rendered":"<div id=\"pl-1518\"  class=\"panel-layout\" ><div id=\"pg-1518-0\"  class=\"panel-grid panel-has-style\" ><div class=\"siteorigin-panels-stretch panel-row-style panel-row-style-for-1518-0\" data-stretch-type=\"full-stretched\" ><div id=\"pgc-1518-0-0\"  class=\"panel-grid-cell\" ><div id=\"panel-1518-0-0-0\" class=\"so-panel widget widget_sow-slider panel-first-child panel-last-child\" data-index=\"0\" ><div\n\t\t\t\n\t\t\tclass=\"so-widget-sow-slider so-widget-sow-slider-default-6d39609536fd-1518\"\n\t\t\t\n\t\t>\t\t\t\t<div class=\"sow-slider-base\" style=\"display: none\" tabindex=\"0\">\n\t\t\t\t\t<ul\n\t\t\t\t\tclass=\"sow-slider-images\"\n\t\t\t\t\tdata-settings=\"{&quot;pagination&quot;:true,&quot;speed&quot;:600,&quot;timeout&quot;:8000,&quot;paused&quot;:false,&quot;pause_on_hover&quot;:false,&quot;swipe&quot;:false,&quot;nav_always_show_desktop&quot;:&quot;&quot;,&quot;nav_always_show_mobile&quot;:true,&quot;breakpoint&quot;:&quot;780px&quot;,&quot;unmute&quot;:false,&quot;anchor&quot;:null}\"\n\t\t\t\t\t\t\t\t\t\tdata-anchor-id=\"\"\n\t\t\t\t>\t\t<li class=\"sow-slider-image\" style=\"visibility: visible;\" >\n\t\t\t\t\t\t<img loading=\"lazy\" decoding=\"async\" width=\"1280\" height=\"972\" src=\"https:\/\/guilhermepimentel.com.br\/wp-content\/uploads\/2021\/08\/WhatsApp-Image-2021-02-24-at-13.20.04.jpeg\" class=\"sow-slider-background-image\" alt=\"\" style=\"\" srcset=\"https:\/\/guilhermepimentel.com.br\/wp-content\/uploads\/2021\/08\/WhatsApp-Image-2021-02-24-at-13.20.04.jpeg 1280w, https:\/\/guilhermepimentel.com.br\/wp-content\/uploads\/2021\/08\/WhatsApp-Image-2021-02-24-at-13.20.04-300x228.jpeg 300w, https:\/\/guilhermepimentel.com.br\/wp-content\/uploads\/2021\/08\/WhatsApp-Image-2021-02-24-at-13.20.04-768x583.jpeg 768w, https:\/\/guilhermepimentel.com.br\/wp-content\/uploads\/2021\/08\/WhatsApp-Image-2021-02-24-at-13.20.04-1024x778.jpeg 1024w\" sizes=\"100vw\" \/>\t\t<\/li>\n\t\t\t\t<li class=\"sow-slider-image\" style=\"visibility: hidden;\" >\n\t\t\t\t\t\t<img loading=\"lazy\" decoding=\"async\" width=\"1280\" height=\"768\" src=\"https:\/\/guilhermepimentel.com.br\/wp-content\/uploads\/2021\/08\/WhatsApp-Image-2021-02-24-at-13.20.07.jpeg\" class=\"sow-slider-background-image\" alt=\"\" style=\"\" srcset=\"https:\/\/guilhermepimentel.com.br\/wp-content\/uploads\/2021\/08\/WhatsApp-Image-2021-02-24-at-13.20.07.jpeg 1280w, https:\/\/guilhermepimentel.com.br\/wp-content\/uploads\/2021\/08\/WhatsApp-Image-2021-02-24-at-13.20.07-300x180.jpeg 300w, https:\/\/guilhermepimentel.com.br\/wp-content\/uploads\/2021\/08\/WhatsApp-Image-2021-02-24-at-13.20.07-768x461.jpeg 768w, https:\/\/guilhermepimentel.com.br\/wp-content\/uploads\/2021\/08\/WhatsApp-Image-2021-02-24-at-13.20.07-1024x614.jpeg 1024w\" sizes=\"100vw\" \/>\t\t<\/li>\n\t\t<\/ul>\t\t\t\t<ol class=\"sow-slider-pagination\">\n\t\t\t\t\t\t\t\t\t\t\t<li><a href=\"#\" data-goto=\"0\" aria-label=\"Display slide 1\"><\/a><\/li>\n\t\t\t\t\t\t\t\t\t\t\t<li><a href=\"#\" data-goto=\"1\" aria-label=\"Display slide 2\"><\/a><\/li>\n\t\t\t\t\t\t\t\t\t<\/ol>\n\n\t\t\t\t<div class=\"sow-slide-nav sow-slide-nav-next\">\n\t\t\t\t\t<a href=\"#\" data-goto=\"next\" aria-label=\"Next slide\" data-action=\"next\">\n\t\t\t\t\t\t<em class=\"sow-sld-icon-thin-right\"><\/em>\n\t\t\t\t\t<\/a>\n\t\t\t\t<\/div>\n\n\t\t\t\t<div class=\"sow-slide-nav sow-slide-nav-prev\">\n\t\t\t\t\t<a href=\"#\" data-goto=\"previous\" aria-label=\"Previous slide\" data-action=\"prev\">\n\t\t\t\t\t\t<em class=\"sow-sld-icon-thin-left\"><\/em>\n\t\t\t\t\t<\/a>\n\t\t\t\t<\/div>\n\t\t\t\t<\/div><\/div><\/div><\/div><\/div><\/div><div id=\"pg-1518-1\"  class=\"panel-grid panel-has-style\" ><div class=\"siteorigin-panels-stretch panel-row-style panel-row-style-for-1518-1\" data-stretch-type=\"full-stretched\" ><div id=\"pgc-1518-1-0\"  class=\"panel-grid-cell panel-grid-cell-empty\" ><\/div><div id=\"pgc-1518-1-1\"  class=\"panel-grid-cell panel-grid-cell-mobile-last\" ><div id=\"panel-1518-1-1-0\" class=\"so-panel widget widget_sow-editor panel-first-child panel-last-child\" data-index=\"1\" ><div\n\t\t\t\n\t\t\tclass=\"so-widget-sow-editor so-widget-sow-editor-base\"\n\t\t\t\n\t\t>\n<div class=\"siteorigin-widget-tinymce textwidget\">\n\t<h1 style=\"text-align: center;\"><strong><span style=\"color: #ff0000;\">A 100 passos da Praia e da Lagoa<\/span><\/strong><\/h1>\n<\/div>\n<\/div><\/div><\/div><div id=\"pgc-1518-1-2\"  class=\"panel-grid-cell panel-grid-cell-empty\" ><\/div><\/div><\/div><div id=\"pg-1518-2\"  class=\"panel-grid panel-has-style\" ><div class=\"siteorigin-panels-stretch panel-row-style panel-row-style-for-1518-2\" data-stretch-type=\"full-stretched\" ><div id=\"pgc-1518-2-0\"  class=\"panel-grid-cell\" ><div id=\"panel-1518-2-0-0\" class=\"so-panel widget widget_sow-image panel-first-child panel-last-child\" data-index=\"2\" ><div class=\"panel-widget-style panel-widget-style-for-1518-2-0-0\" ><div\n\t\t\t\n\t\t\tclass=\"so-widget-sow-image so-widget-sow-image-default-8b5b6f678277-1518\"\n\t\t\t\n\t\t>\n<div class=\"sow-image-container\">\n\t\t<img \n\tsrc=\"https:\/\/guilhermepimentel.com.br\/wp-content\/uploads\/2021\/08\/WhatsApp-Image-2021-02-24-at-13.20.05.jpeg\" width=\"1280\" height=\"768\" srcset=\"https:\/\/guilhermepimentel.com.br\/wp-content\/uploads\/2021\/08\/WhatsApp-Image-2021-02-24-at-13.20.05.jpeg 1280w, https:\/\/guilhermepimentel.com.br\/wp-content\/uploads\/2021\/08\/WhatsApp-Image-2021-02-24-at-13.20.05-300x180.jpeg 300w, https:\/\/guilhermepimentel.com.br\/wp-content\/uploads\/2021\/08\/WhatsApp-Image-2021-02-24-at-13.20.05-768x461.jpeg 768w, https:\/\/guilhermepimentel.com.br\/wp-content\/uploads\/2021\/08\/WhatsApp-Image-2021-02-24-at-13.20.05-1024x614.jpeg 1024w\" sizes=\"(max-width: 706px) 89vw, (max-width: 767px) 82vw, 740px\" title=\"WhatsApp Image 2021-02-24 at 13.20.05\" alt=\"\" \t\tclass=\"so-widget-image\"\/>\n\t<\/div>\n\n<\/div><\/div><\/div><\/div><div id=\"pgc-1518-2-1\"  class=\"panel-grid-cell\" ><div id=\"panel-1518-2-1-0\" class=\"so-panel widget widget_sow-image panel-first-child panel-last-child\" data-index=\"3\" ><div class=\"panel-widget-style panel-widget-style-for-1518-2-1-0\" ><div\n\t\t\t\n\t\t\tclass=\"so-widget-sow-image so-widget-sow-image-default-8b5b6f678277-1518\"\n\t\t\t\n\t\t>\n<div class=\"sow-image-container\">\n\t\t<img \n\tsrc=\"https:\/\/guilhermepimentel.com.br\/wp-content\/uploads\/2021\/08\/Sem-t\u00edtulo2.jpg\" width=\"575\" height=\"345\" srcset=\"https:\/\/guilhermepimentel.com.br\/wp-content\/uploads\/2021\/08\/Sem-t\u00edtulo2.jpg 575w, https:\/\/guilhermepimentel.com.br\/wp-content\/uploads\/2021\/08\/Sem-t\u00edtulo2-300x180.jpg 300w\" sizes=\"(max-width: 575px) 100vw, 575px\" title=\"Sem t\u00edtulo2\" alt=\"\" \t\tclass=\"so-widget-image\"\/>\n\t<\/div>\n\n<\/div><\/div><\/div><\/div><div id=\"pgc-1518-2-2\"  class=\"panel-grid-cell\" ><div id=\"panel-1518-2-2-0\" class=\"so-panel widget widget_sow-image panel-first-child panel-last-child\" data-index=\"4\" ><div class=\"panel-widget-style panel-widget-style-for-1518-2-2-0\" ><div\n\t\t\t\n\t\t\tclass=\"so-widget-sow-image so-widget-sow-image-default-8b5b6f678277-1518\"\n\t\t\t\n\t\t>\n<div class=\"sow-image-container\">\n\t\t<img \n\tsrc=\"https:\/\/guilhermepimentel.com.br\/wp-content\/uploads\/2021\/08\/Sem-t\u00edtulo.jpg\" width=\"575\" height=\"345\" srcset=\"https:\/\/guilhermepimentel.com.br\/wp-content\/uploads\/2021\/08\/Sem-t\u00edtulo.jpg 575w, https:\/\/guilhermepimentel.com.br\/wp-content\/uploads\/2021\/08\/Sem-t\u00edtulo-300x180.jpg 300w\" sizes=\"(max-width: 575px) 100vw, 575px\" title=\"Sem t\u00edtulo\" alt=\"\" \t\tclass=\"so-widget-image\"\/>\n\t<\/div>\n\n<\/div><\/div><\/div><\/div><\/div><\/div><div id=\"pg-1518-3\"  class=\"panel-grid panel-has-style\" ><div class=\"siteorigin-panels-stretch panel-row-style panel-row-style-for-1518-3\" data-stretch-type=\"full-stretched\" ><div id=\"pgc-1518-3-0\"  class=\"panel-grid-cell panel-grid-cell-empty\" ><\/div><div id=\"pgc-1518-3-1\"  class=\"panel-grid-cell panel-grid-cell-mobile-last\" ><div id=\"panel-1518-3-1-0\" class=\"so-panel widget widget_sow-video panel-first-child panel-last-child\" data-index=\"5\" ><div\n\t\t\t\n\t\t\tclass=\"so-widget-sow-video so-widget-sow-video-default-f379b959fc93-1518\"\n\t\t\t\n\t\t>\n<div class=\"sow-video-wrapper\n\">\n\t\t\t<video\n\t\t\tid=\"sow-player-1\" class=\"sow-video-widget\" preload=\"auto\" style=\"width:100%;height:100%;\" autoplay playsinline muted=\"1\" controls \t\t>\n\t\t\t\t\t\t\t<source type=\"video\/mp4\" src=\"https:\/\/guilhermepimentel.com.br\/wp-content\/uploads\/2021\/08\/Bettina-video-GPI.mp4\"\/>\n\t\t\t\t\t<\/video>\n\t<\/div>\n<\/div><\/div><\/div><div id=\"pgc-1518-3-2\"  class=\"panel-grid-cell panel-grid-cell-empty\" ><\/div><\/div><\/div><div id=\"pg-1518-4\"  class=\"panel-grid panel-has-style\" ><div class=\"siteorigin-panels-stretch panel-row-style panel-row-style-for-1518-4\" data-stretch-type=\"full\" ><div id=\"pgc-1518-4-0\"  class=\"panel-grid-cell panel-grid-cell-empty\" ><\/div><div id=\"pgc-1518-4-1\"  class=\"panel-grid-cell panel-grid-cell-mobile-last\" ><div id=\"panel-1518-4-1-0\" class=\"so-panel widget widget_sow-headline panel-first-child\" data-index=\"6\" ><div class=\"panel-widget-style panel-widget-style-for-1518-4-1-0\" ><div\n\t\t\t\n\t\t\tclass=\"so-widget-sow-headline so-widget-sow-headline-default-ebbff4910b3c-1518\"\n\t\t\t\n\t\t><div class=\"sow-headline-container \">\n\t\t\t\t\t\t\t<h1 class=\"sow-headline\">\n\t\t\t\t\t\tPe\u00e7a informa\u00e7\u00f5es aqui:\t\t\t\t\t\t<\/h1>\n\t\t\t\t\t\t\t\t\t\t\t<div class=\"decoration\">\n\t\t\t\t\t\t<div class=\"decoration-inside\"><\/div>\n\t\t\t\t\t<\/div>\n\t\t\t\t\t<\/div>\n<\/div><\/div><\/div><div id=\"panel-1518-4-1-1\" class=\"widget_text so-panel widget widget_custom_html panel-last-child\" data-index=\"7\" ><div class=\"widget_text panel-widget-style panel-widget-style-for-1518-4-1-1\" ><div class=\"textwidget custom-html-widget\">        <style>\n            .lzp-form{font:95% Arial,Helvetica,sans-serif;max-width:400px;margin:10px auto;padding:16px;background:#F7F7F7}.lzp-form input[type=text],.lzp-form input[type=date],.lzp-form input[type=datetime],.lzp-form input[type=email],.lzp-form input[type=number],.lzp-form input[type=search],.lzp-form input[type=time],.lzp-form input[type=url],.lzp-form select,.lzp-form textarea{-webkit-transition:all .3s ease-in-out;-moz-transition:all .3s ease-in-out;-ms-transition:all .3s ease-in-out;-o-transition:all .3s ease-in-out;outline:0;box-sizing:border-box;-webkit-box-sizing:border-box;-moz-box-sizing:border-box;width:100%;background:#fff;margin-bottom:4%;border:1px solid #ccc;padding:3%;color:#555;font:95% Arial,Helvetica,sans-serif}.lzp-form input[type=text]:focus,.lzp-form input[type=date]:focus,.lzp-form input[type=datetime]:focus,.lzp-form input[type=email]:focus,.lzp-form input[type=number]:focus,.lzp-form input[type=search]:focus,.lzp-form input[type=time]:focus,.lzp-form input[type=url]:focus,.lzp-form select:focus,.lzp-form textarea:focus{box-shadow:0 0 5px #c9c9c9;padding:3%;border:1px solid #c7c0c0}.lzp-form input[type=submit],.lzp-form input[type=button]{box-sizing:border-box;-webkit-box-sizing:border-box;-moz-box-sizing:border-box;width:100%;padding:3%;background:#108b2d;border-bottom:2px solid #03641a;border-top-style:none;border-right-style:none;border-left-style:none;color:#fff;cursor:pointer}.lzp-form input[type=submit]:hover,.lzp-form input[type=button]:hover{background:#076a1e}\n        <\/style>\n        <form id=\"lzp-form\" class=\"lzp-form\" action=\"https:\/\/hub.leadszapp.com\/lZzP\" method=\"post\" accept-charset=\"utf-8\">\n            <input type=\"text\" class=\"first_name\" name=\"first_name\" placeholder=\"Nome\" required \/>\n            <input type=\"text\" class=\"last_name\" name=\"last_name\" placeholder=\"Sobrenome\" required \/>\n            <input type=\"email\" class=\"email\" name=\"email\" placeholder=\"Email\" required \/>\n            <input type=\"text\" class=\"mobile_phone\" name=\"mobile_phone\" placeholder=\"Celular (DDD) + N\u00famero\" required \/>\n            <input type=\"submit\" value=\"Quero Saber MAIS\" \/>\n        <\/form>\n        <script src=\"https:\/\/cdnjs.cloudflare.com\/ajax\/libs\/vanilla-masker\/1.2.0\/vanilla-masker.min.js\"><\/script>\n        <script>VMasker(document.querySelector(\"#lzp-form .mobile_phone\")).maskPattern(\"(99) 99999-9999\");<\/script>\n    <\/div><\/div><\/div><\/div><div id=\"pgc-1518-4-2\"  class=\"panel-grid-cell panel-grid-cell-empty\" ><\/div><\/div><\/div><div id=\"pg-1518-5\"  class=\"panel-grid panel-has-style\" ><div class=\"siteorigin-panels-stretch panel-row-style panel-row-style-for-1518-5\" data-stretch-type=\"full-stretched\" ><div id=\"pgc-1518-5-0\"  class=\"panel-grid-cell\" ><div class=\"panel-cell-style panel-cell-style-for-1518-5-0\" ><div id=\"panel-1518-5-0-0\" class=\"so-panel widget widget_sow-editor panel-first-child\" data-index=\"8\" ><div class=\"panel-widget-style panel-widget-style-for-1518-5-0-0\" ><div\n\t\t\t\n\t\t\tclass=\"so-widget-sow-editor so-widget-sow-editor-base\"\n\t\t\t\n\t\t>\n<div class=\"siteorigin-widget-tinymce textwidget\">\n\t<h1 style=\"text-align: center;\"><strong>Um quarto a partir de 430Mil<\/strong><\/h1>\n<\/div>\n<\/div><\/div><\/div><div id=\"panel-1518-5-0-1\" class=\"so-panel widget widget_sow-image panel-last-child\" data-index=\"9\" ><div class=\"panel-widget-style panel-widget-style-for-1518-5-0-1\" ><div\n\t\t\t\n\t\t\tclass=\"so-widget-sow-image so-widget-sow-image-default-8b5b6f678277-1518\"\n\t\t\t\n\t\t>\n<div class=\"sow-image-container\">\n\t\t<img \n\tsrc=\"https:\/\/guilhermepimentel.com.br\/wp-content\/uploads\/2021\/08\/Bettina-Tipo_07-R04-FINAL.jpg\" width=\"1654\" height=\"1169\" srcset=\"https:\/\/guilhermepimentel.com.br\/wp-content\/uploads\/2021\/08\/Bettina-Tipo_07-R04-FINAL.jpg 1654w, https:\/\/guilhermepimentel.com.br\/wp-content\/uploads\/2021\/08\/Bettina-Tipo_07-R04-FINAL-300x212.jpg 300w, https:\/\/guilhermepimentel.com.br\/wp-content\/uploads\/2021\/08\/Bettina-Tipo_07-R04-FINAL-768x543.jpg 768w, https:\/\/guilhermepimentel.com.br\/wp-content\/uploads\/2021\/08\/Bettina-Tipo_07-R04-FINAL-1024x724.jpg 1024w\" sizes=\"(max-width: 706px) 89vw, (max-width: 767px) 82vw, 740px\" alt=\"\" \t\tclass=\"so-widget-image\"\/>\n\t<\/div>\n\n<\/div><\/div><\/div><\/div><\/div><div id=\"pgc-1518-5-1\"  class=\"panel-grid-cell\" ><div class=\"panel-cell-style panel-cell-style-for-1518-5-1\" ><div id=\"panel-1518-5-1-0\" class=\"so-panel widget widget_sow-editor panel-first-child\" data-index=\"10\" ><div class=\"panel-widget-style panel-widget-style-for-1518-5-1-0\" ><div\n\t\t\t\n\t\t\tclass=\"so-widget-sow-editor so-widget-sow-editor-base\"\n\t\t\t\n\t\t>\n<div class=\"siteorigin-widget-tinymce textwidget\">\n\t<h1 style=\"text-align: center;\"><strong>2 Quartos a partir de 530Mil<\/strong><\/h1>\n<\/div>\n<\/div><\/div><\/div><div id=\"panel-1518-5-1-1\" class=\"so-panel widget widget_sow-image panel-last-child\" data-index=\"11\" ><div class=\"panel-widget-style panel-widget-style-for-1518-5-1-1\" ><div\n\t\t\t\n\t\t\tclass=\"so-widget-sow-image so-widget-sow-image-default-8b5b6f678277-1518\"\n\t\t\t\n\t\t>\n<div class=\"sow-image-container\">\n\t\t<img \n\tsrc=\"https:\/\/guilhermepimentel.com.br\/wp-content\/uploads\/2021\/08\/Bettina-Tipo_02-R04-FINAL.jpg\" width=\"1654\" height=\"1169\" srcset=\"https:\/\/guilhermepimentel.com.br\/wp-content\/uploads\/2021\/08\/Bettina-Tipo_02-R04-FINAL.jpg 1654w, https:\/\/guilhermepimentel.com.br\/wp-content\/uploads\/2021\/08\/Bettina-Tipo_02-R04-FINAL-300x212.jpg 300w, https:\/\/guilhermepimentel.com.br\/wp-content\/uploads\/2021\/08\/Bettina-Tipo_02-R04-FINAL-768x543.jpg 768w, https:\/\/guilhermepimentel.com.br\/wp-content\/uploads\/2021\/08\/Bettina-Tipo_02-R04-FINAL-1024x724.jpg 1024w\" sizes=\"(max-width: 706px) 89vw, (max-width: 767px) 82vw, 740px\" alt=\"\" \t\tclass=\"so-widget-image\"\/>\n\t<\/div>\n\n<\/div><\/div><\/div><\/div><\/div><\/div><\/div><div id=\"pg-1518-6\"  class=\"panel-grid panel-has-style\" ><div class=\"siteorigin-panels-stretch panel-row-style panel-row-style-for-1518-6\" data-stretch-type=\"full-stretched\" ><div id=\"pgc-1518-6-0\"  class=\"panel-grid-cell\" ><div id=\"panel-1518-6-0-0\" class=\"so-panel widget widget_sow-image panel-first-child panel-last-child\" data-index=\"12\" ><div class=\"panel-widget-style panel-widget-style-for-1518-6-0-0\" ><div\n\t\t\t\n\t\t\tclass=\"so-widget-sow-image so-widget-sow-image-default-8b5b6f678277-1518\"\n\t\t\t\n\t\t>\n<div class=\"sow-image-container\">\n\t\t<img \n\tsrc=\"https:\/\/guilhermepimentel.com.br\/wp-content\/uploads\/2021\/08\/WhatsApp-Image-2021-02-24-at-13.20.06.jpeg\" width=\"1280\" height=\"768\" srcset=\"https:\/\/guilhermepimentel.com.br\/wp-content\/uploads\/2021\/08\/WhatsApp-Image-2021-02-24-at-13.20.06.jpeg 1280w, https:\/\/guilhermepimentel.com.br\/wp-content\/uploads\/2021\/08\/WhatsApp-Image-2021-02-24-at-13.20.06-300x180.jpeg 300w, https:\/\/guilhermepimentel.com.br\/wp-content\/uploads\/2021\/08\/WhatsApp-Image-2021-02-24-at-13.20.06-768x461.jpeg 768w, https:\/\/guilhermepimentel.com.br\/wp-content\/uploads\/2021\/08\/WhatsApp-Image-2021-02-24-at-13.20.06-1024x614.jpeg 1024w\" sizes=\"(max-width: 706px) 89vw, (max-width: 767px) 82vw, 740px\" title=\"WhatsApp Image 2021-02-24 at 13.20.06\" alt=\"\" \t\tclass=\"so-widget-image\"\/>\n\t<\/div>\n\n<\/div><\/div><\/div><\/div><div id=\"pgc-1518-6-1\"  class=\"panel-grid-cell\" ><div id=\"panel-1518-6-1-0\" class=\"so-panel widget widget_sow-image panel-first-child panel-last-child\" data-index=\"13\" ><div class=\"panel-widget-style panel-widget-style-for-1518-6-1-0\" ><div\n\t\t\t\n\t\t\tclass=\"so-widget-sow-image so-widget-sow-image-default-8b5b6f678277-1518\"\n\t\t\t\n\t\t>\n<div class=\"sow-image-container\">\n\t\t<img \n\tsrc=\"https:\/\/guilhermepimentel.com.br\/wp-content\/uploads\/2021\/08\/WhatsApp-Image-2021-02-24-at-13.20.06-3.jpeg\" width=\"1280\" height=\"768\" srcset=\"https:\/\/guilhermepimentel.com.br\/wp-content\/uploads\/2021\/08\/WhatsApp-Image-2021-02-24-at-13.20.06-3.jpeg 1280w, https:\/\/guilhermepimentel.com.br\/wp-content\/uploads\/2021\/08\/WhatsApp-Image-2021-02-24-at-13.20.06-3-300x180.jpeg 300w, https:\/\/guilhermepimentel.com.br\/wp-content\/uploads\/2021\/08\/WhatsApp-Image-2021-02-24-at-13.20.06-3-768x461.jpeg 768w, https:\/\/guilhermepimentel.com.br\/wp-content\/uploads\/2021\/08\/WhatsApp-Image-2021-02-24-at-13.20.06-3-1024x614.jpeg 1024w\" sizes=\"(max-width: 706px) 89vw, (max-width: 767px) 82vw, 740px\" title=\"WhatsApp Image 2021-02-24 at 13.20.06 (3)\" alt=\"\" \t\tclass=\"so-widget-image\"\/>\n\t<\/div>\n\n<\/div><\/div><\/div><\/div><div id=\"pgc-1518-6-2\"  class=\"panel-grid-cell\" ><div id=\"panel-1518-6-2-0\" class=\"so-panel widget widget_sow-image panel-first-child panel-last-child\" data-index=\"14\" ><div class=\"panel-widget-style panel-widget-style-for-1518-6-2-0\" ><div\n\t\t\t\n\t\t\tclass=\"so-widget-sow-image so-widget-sow-image-default-8b5b6f678277-1518\"\n\t\t\t\n\t\t>\n<div class=\"sow-image-container\">\n\t\t<img \n\tsrc=\"https:\/\/guilhermepimentel.com.br\/wp-content\/uploads\/2021\/08\/WhatsApp-Image-2021-02-24-at-13.20.06-2-1.jpeg\" width=\"1280\" height=\"768\" srcset=\"https:\/\/guilhermepimentel.com.br\/wp-content\/uploads\/2021\/08\/WhatsApp-Image-2021-02-24-at-13.20.06-2-1.jpeg 1280w, https:\/\/guilhermepimentel.com.br\/wp-content\/uploads\/2021\/08\/WhatsApp-Image-2021-02-24-at-13.20.06-2-1-300x180.jpeg 300w, https:\/\/guilhermepimentel.com.br\/wp-content\/uploads\/2021\/08\/WhatsApp-Image-2021-02-24-at-13.20.06-2-1-768x461.jpeg 768w, https:\/\/guilhermepimentel.com.br\/wp-content\/uploads\/2021\/08\/WhatsApp-Image-2021-02-24-at-13.20.06-2-1-1024x614.jpeg 1024w\" sizes=\"(max-width: 706px) 89vw, (max-width: 767px) 82vw, 740px\" title=\"WhatsApp Image 2021-02-24 at 13.20.06 (2)\" alt=\"\" \t\tclass=\"so-widget-image\"\/>\n\t<\/div>\n\n<\/div><\/div><\/div><\/div><\/div><\/div><div id=\"pg-1518-7\"  class=\"panel-grid panel-has-style\" ><div class=\"siteorigin-panels-stretch panel-row-style panel-row-style-for-1518-7\" data-stretch-type=\"full-stretched\" ><div id=\"pgc-1518-7-0\"  class=\"panel-grid-cell panel-grid-cell-empty\" ><\/div><div id=\"pgc-1518-7-1\"  class=\"panel-grid-cell panel-grid-cell-mobile-last\" ><div id=\"panel-1518-7-1-0\" class=\"so-panel widget widget_sow-image panel-first-child panel-last-child\" data-index=\"15\" ><div class=\"panel-widget-style panel-widget-style-for-1518-7-1-0\" ><div\n\t\t\t\n\t\t\tclass=\"so-widget-sow-image so-widget-sow-image-default-8b5b6f678277-1518\"\n\t\t\t\n\t\t>\n<div class=\"sow-image-container\">\n\t\t\t<a href=\"https:\/\/bit.ly\/guilhermeconsult\"\n\t\t\t\t\t>\n\t\t\t<img \n\tsrc=\"https:\/\/guilhermepimentel.com.br\/wp-content\/uploads\/2021\/10\/Flyer-REC9.png\" width=\"1200\" height=\"1200\" srcset=\"https:\/\/guilhermepimentel.com.br\/wp-content\/uploads\/2021\/10\/Flyer-REC9.png 1200w, https:\/\/guilhermepimentel.com.br\/wp-content\/uploads\/2021\/10\/Flyer-REC9-150x150.png 150w, https:\/\/guilhermepimentel.com.br\/wp-content\/uploads\/2021\/10\/Flyer-REC9-300x300.png 300w, https:\/\/guilhermepimentel.com.br\/wp-content\/uploads\/2021\/10\/Flyer-REC9-768x768.png 768w, https:\/\/guilhermepimentel.com.br\/wp-content\/uploads\/2021\/10\/Flyer-REC9-1024x1024.png 1024w, https:\/\/guilhermepimentel.com.br\/wp-content\/uploads\/2021\/10\/Flyer-REC9-100x100.png 100w\" sizes=\"(max-width: 706px) 89vw, (max-width: 767px) 82vw, 740px\" title=\"Flyer &#8211; REC9\" alt=\"\" \t\tclass=\"so-widget-image\"\/>\n\t\t\t<\/a><\/div>\n\n<\/div><\/div><\/div><\/div><div id=\"pgc-1518-7-2\"  class=\"panel-grid-cell panel-grid-cell-empty\" ><\/div><\/div><\/div><div id=\"pg-1518-8\"  class=\"panel-grid panel-has-style\" ><div class=\"siteorigin-panels-stretch panel-row-style panel-row-style-for-1518-8\" data-stretch-type=\"full\" ><div id=\"pgc-1518-8-0\"  class=\"panel-grid-cell\" ><div id=\"panel-1518-8-0-0\" class=\"so-panel widget widget_sow-editor panel-first-child panel-last-child\" data-index=\"16\" ><div\n\t\t\t\n\t\t\tclass=\"so-widget-sow-editor so-widget-sow-editor-base\"\n\t\t\t\n\t\t>\n<div class=\"siteorigin-widget-tinymce textwidget\">\n\t<h1><span style=\"color: #404040;\">FALE COMIGO <a href=\"https:\/\/bit.ly\/guilhermeconsult\"><strong>AGORA!<\/strong><\/a><\/span><\/h1>\n<\/div>\n<\/div><\/div><\/div><div id=\"pgc-1518-8-1\"  class=\"panel-grid-cell\" ><div id=\"panel-1518-8-1-0\" class=\"so-panel widget widget_sow-editor panel-first-child panel-last-child\" data-index=\"17\" ><div\n\t\t\t\n\t\t\tclass=\"so-widget-sow-editor so-widget-sow-editor-base\"\n\t\t\t\n\t\t>\n<div class=\"siteorigin-widget-tinymce textwidget\">\n\t<p><img loading=\"lazy\" decoding=\"async\" class=\"alignnone size-full wp-image-1536\" src=\"http:\/\/guilhermepimentel.com.br\/wp-content\/uploads\/2021\/08\/logo-bettina.png\" alt=\"\" width=\"184\" height=\"120\" \/><\/p>\n<\/div>\n<\/div><\/div><\/div><\/div><\/div><\/div>","protected":false},"excerpt":{"rendered":"<p>A 100 passos da Praia e da Lagoa<\/p>\n","protected":false},"author":1,"featured_media":0,"parent":0,"menu_order":0,"comment_status":"closed","ping_status":"closed","template":"","meta":{"footnotes":""},"_links":{"self":[{"href":"https:\/\/guilhermepimentel.com.br\/index.php\/wp-json\/wp\/v2\/pages\/1518"}],"collection":[{"href":"https:\/\/guilhermepimentel.com.br\/index.php\/wp-json\/wp\/v2\/pages"}],"about":[{"href":"https:\/\/guilhermepimentel.com.br\/index.php\/wp-json\/wp\/v2\/types\/page"}],"author":[{"embeddable":true,"href":"https:\/\/guilhermepimentel.com.br\/index.php\/wp-json\/wp\/v2\/users\/1"}],"replies":[{"embeddable":true,"href":"https:\/\/guilhermepimentel.com.br\/index.php\/wp-json\/wp\/v2\/comments?post=1518"}],"version-history":[{"count":19,"href":"https:\/\/guilhermepimentel.com.br\/index.php\/wp-json\/wp\/v2\/pages\/1518\/revisions"}],"predecessor-version":[{"id":1678,"href":"https:\/\/guilhermepimentel.com.br\/index.php\/wp-json\/wp\/v2\/pages\/1518\/revisions\/1678"}],"wp:attachment":[{"href":"https:\/\/guilhermepimentel.com.br\/index.php\/wp-json\/wp\/v2\/media?parent=1518"}],"curies":[{"name":"wp","href":"https:\/\/api.w.org\/{rel}","templated":true}]}}