{"id":1456,"date":"2021-03-26T12:57:33","date_gmt":"2021-03-26T15:57:33","guid":{"rendered":"http:\/\/guilhermepimentel.com.br\/?page_id=1456"},"modified":"2021-03-26T13:52:13","modified_gmt":"2021-03-26T16:52:13","slug":"mediterraneo","status":"publish","type":"page","link":"https:\/\/guilhermepimentel.com.br\/index.php\/mediterraneo\/","title":{"rendered":"Mediterr\u00e2neo"},"content":{"rendered":"<div id=\"pl-1456\"  class=\"panel-layout\" ><div id=\"pg-1456-0\"  class=\"panel-grid panel-has-style\" ><div class=\"siteorigin-panels-stretch panel-row-style panel-row-style-for-1456-0\" data-stretch-type=\"full-stretched\" ><div id=\"pgc-1456-0-0\"  class=\"panel-grid-cell panel-grid-cell-empty\" ><\/div><div id=\"pgc-1456-0-1\"  class=\"panel-grid-cell panel-grid-cell-mobile-last\" ><div id=\"panel-1456-0-1-0\" class=\"so-panel widget widget_sow-image panel-first-child panel-last-child\" data-index=\"0\" ><div class=\"panel-widget-style panel-widget-style-for-1456-0-1-0\" ><div\n\t\t\t\n\t\t\tclass=\"so-widget-sow-image so-widget-sow-image-default-c67d20f9f743-1456\"\n\t\t\t\n\t\t>\n<div class=\"sow-image-container\">\n\t\t<img \n\tsrc=\"https:\/\/guilhermepimentel.com.br\/wp-content\/uploads\/2021\/03\/logo_mediterraneo_01.png\" width=\"319\" height=\"90\" srcset=\"https:\/\/guilhermepimentel.com.br\/wp-content\/uploads\/2021\/03\/logo_mediterraneo_01.png 319w, https:\/\/guilhermepimentel.com.br\/wp-content\/uploads\/2021\/03\/logo_mediterraneo_01-300x85.png 300w\" sizes=\"(max-width: 319px) 100vw, 319px\" alt=\"\" \t\tclass=\"so-widget-image\"\/>\n\t<\/div>\n\n<\/div><\/div><\/div><\/div><div id=\"pgc-1456-0-2\"  class=\"panel-grid-cell panel-grid-cell-empty\" ><\/div><\/div><\/div><div id=\"pg-1456-1\"  class=\"panel-grid panel-has-style\" ><div class=\"siteorigin-panels-stretch panel-row-style panel-row-style-for-1456-1\" data-stretch-type=\"full-stretched\" ><div id=\"pgc-1456-1-0\"  class=\"panel-grid-cell\" ><div id=\"panel-1456-1-0-0\" class=\"so-panel widget widget_sow-slider panel-first-child panel-last-child\" data-index=\"1\" ><div\n\t\t\t\n\t\t\tclass=\"so-widget-sow-slider so-widget-sow-slider-default-6d39609536fd-1456\"\n\t\t\t\n\t\t>\t\t\t\t<div class=\"sow-slider-base\" style=\"display: none\" tabindex=\"0\">\n\t\t\t\t\t<ul\n\t\t\t\t\tclass=\"sow-slider-images\"\n\t\t\t\t\tdata-settings=\"{&quot;pagination&quot;:true,&quot;speed&quot;:600,&quot;timeout&quot;:6000,&quot;paused&quot;:false,&quot;pause_on_hover&quot;:false,&quot;swipe&quot;:false,&quot;nav_always_show_desktop&quot;:&quot;&quot;,&quot;nav_always_show_mobile&quot;:true,&quot;breakpoint&quot;:&quot;780px&quot;,&quot;unmute&quot;:false,&quot;anchor&quot;:null}\"\n\t\t\t\t\t\t\t\t\t\tdata-anchor-id=\"\"\n\t\t\t\t>\t\t<li class=\"sow-slider-image\" style=\"visibility: visible;\" >\n\t\t\t\t\t\t<img loading=\"lazy\" decoding=\"async\" width=\"1280\" height=\"853\" src=\"https:\/\/guilhermepimentel.com.br\/wp-content\/uploads\/2021\/03\/Medit1-1.png\" class=\"sow-slider-background-image\" alt=\"\" style=\"\" srcset=\"https:\/\/guilhermepimentel.com.br\/wp-content\/uploads\/2021\/03\/Medit1-1.png 1280w, https:\/\/guilhermepimentel.com.br\/wp-content\/uploads\/2021\/03\/Medit1-1-300x200.png 300w, https:\/\/guilhermepimentel.com.br\/wp-content\/uploads\/2021\/03\/Medit1-1-768x512.png 768w, https:\/\/guilhermepimentel.com.br\/wp-content\/uploads\/2021\/03\/Medit1-1-1024x682.png 1024w, https:\/\/guilhermepimentel.com.br\/wp-content\/uploads\/2021\/03\/Medit1-1-272x182.png 272w\" sizes=\"100vw\" \/>\t\t<\/li>\n\t\t\t\t<li class=\"sow-slider-image\" style=\"visibility: hidden;\" >\n\t\t\t\t\t\t<img loading=\"lazy\" decoding=\"async\" width=\"1280\" height=\"853\" src=\"https:\/\/guilhermepimentel.com.br\/wp-content\/uploads\/2021\/03\/Medit2-1.png\" class=\"sow-slider-background-image\" alt=\"\" style=\"\" srcset=\"https:\/\/guilhermepimentel.com.br\/wp-content\/uploads\/2021\/03\/Medit2-1.png 1280w, https:\/\/guilhermepimentel.com.br\/wp-content\/uploads\/2021\/03\/Medit2-1-300x200.png 300w, https:\/\/guilhermepimentel.com.br\/wp-content\/uploads\/2021\/03\/Medit2-1-768x512.png 768w, https:\/\/guilhermepimentel.com.br\/wp-content\/uploads\/2021\/03\/Medit2-1-1024x682.png 1024w, https:\/\/guilhermepimentel.com.br\/wp-content\/uploads\/2021\/03\/Medit2-1-272x182.png 272w\" sizes=\"100vw\" \/>\t\t<\/li>\n\t\t\t\t<li class=\"sow-slider-image\" style=\"visibility: hidden;\" >\n\t\t\t\t\t\t<img loading=\"lazy\" decoding=\"async\" width=\"1280\" height=\"853\" src=\"https:\/\/guilhermepimentel.com.br\/wp-content\/uploads\/2021\/03\/Medit3-1.png\" class=\"sow-slider-background-image\" alt=\"\" style=\"\" srcset=\"https:\/\/guilhermepimentel.com.br\/wp-content\/uploads\/2021\/03\/Medit3-1.png 1280w, https:\/\/guilhermepimentel.com.br\/wp-content\/uploads\/2021\/03\/Medit3-1-300x200.png 300w, https:\/\/guilhermepimentel.com.br\/wp-content\/uploads\/2021\/03\/Medit3-1-768x512.png 768w, https:\/\/guilhermepimentel.com.br\/wp-content\/uploads\/2021\/03\/Medit3-1-1024x682.png 1024w, https:\/\/guilhermepimentel.com.br\/wp-content\/uploads\/2021\/03\/Medit3-1-272x182.png 272w\" sizes=\"100vw\" \/>\t\t<\/li>\n\t\t<\/ul>\t\t\t\t<ol class=\"sow-slider-pagination\">\n\t\t\t\t\t\t\t\t\t\t\t<li><a href=\"#\" data-goto=\"0\" aria-label=\"Display slide 1\"><\/a><\/li>\n\t\t\t\t\t\t\t\t\t\t\t<li><a href=\"#\" data-goto=\"1\" aria-label=\"Display slide 2\"><\/a><\/li>\n\t\t\t\t\t\t\t\t\t\t\t<li><a href=\"#\" data-goto=\"2\" aria-label=\"Display slide 3\"><\/a><\/li>\n\t\t\t\t\t\t\t\t\t<\/ol>\n\n\t\t\t\t<div class=\"sow-slide-nav sow-slide-nav-next\">\n\t\t\t\t\t<a href=\"#\" data-goto=\"next\" aria-label=\"Next slide\" data-action=\"next\">\n\t\t\t\t\t\t<em class=\"sow-sld-icon-thin-right\"><\/em>\n\t\t\t\t\t<\/a>\n\t\t\t\t<\/div>\n\n\t\t\t\t<div class=\"sow-slide-nav sow-slide-nav-prev\">\n\t\t\t\t\t<a href=\"#\" data-goto=\"previous\" aria-label=\"Previous slide\" data-action=\"prev\">\n\t\t\t\t\t\t<em class=\"sow-sld-icon-thin-left\"><\/em>\n\t\t\t\t\t<\/a>\n\t\t\t\t<\/div>\n\t\t\t\t<\/div><\/div><\/div><\/div><\/div><\/div><div id=\"pg-1456-2\"  class=\"panel-grid panel-has-style\" ><div class=\"siteorigin-panels-stretch panel-row-style panel-row-style-for-1456-2\" data-stretch-type=\"full-stretched\" ><div id=\"pgc-1456-2-0\"  class=\"panel-grid-cell panel-grid-cell-empty\" ><\/div><div id=\"pgc-1456-2-1\"  class=\"panel-grid-cell panel-grid-cell-mobile-last\" ><div id=\"panel-1456-2-1-0\" class=\"so-panel widget widget_sow-video panel-first-child panel-last-child\" data-index=\"2\" ><div\n\t\t\t\n\t\t\tclass=\"so-widget-sow-video so-widget-sow-video-default-f379b959fc93-1456\"\n\t\t\t\n\t\t>\n<div class=\"sow-video-wrapper\n\">\n\t\t\t<video\n\t\t\tid=\"sow-player-1\" class=\"sow-video-widget\" preload=\"auto\" style=\"width:100%;height:100%;\" autoplay playsinline muted=\"1\" controls \t\t>\n\t\t\t\t\t\t\t<source type=\"video\/mp4\" src=\"https:\/\/guilhermepimentel.com.br\/wp-content\/uploads\/2021\/03\/WhatsApp-Video-2021-03-24-at-11.42.42.mp4\"\/>\n\t\t\t\t\t<\/video>\n\t<\/div>\n<\/div><\/div><\/div><div id=\"pgc-1456-2-2\"  class=\"panel-grid-cell panel-grid-cell-empty\" ><\/div><\/div><\/div><div id=\"pg-1456-3\"  class=\"panel-grid panel-has-style\" ><div class=\"siteorigin-panels-stretch panel-row-style panel-row-style-for-1456-3\" data-stretch-type=\"full-stretched\" ><div id=\"pgc-1456-3-0\"  class=\"panel-grid-cell\" ><div id=\"panel-1456-3-0-0\" class=\"so-panel widget widget_sow-image panel-first-child panel-last-child\" data-index=\"3\" ><div class=\"panel-widget-style panel-widget-style-for-1456-3-0-0\" ><div\n\t\t\t\n\t\t\tclass=\"so-widget-sow-image so-widget-sow-image-default-8b5b6f678277-1456\"\n\t\t\t\n\t\t>\n<div class=\"sow-image-container\">\n\t\t<img \n\tsrc=\"https:\/\/guilhermepimentel.com.br\/wp-content\/uploads\/2021\/03\/img1-a2-768x543.jpg\" width=\"768\" height=\"543\" srcset=\"https:\/\/guilhermepimentel.com.br\/wp-content\/uploads\/2021\/03\/img1-a2-768x543.jpg 768w, https:\/\/guilhermepimentel.com.br\/wp-content\/uploads\/2021\/03\/img1-a2-768x543-300x212.jpg 300w\" sizes=\"(max-width: 706px) 89vw, (max-width: 767px) 82vw, 740px\" title=\"img1 a2-768&#215;543\" alt=\"\" \t\tclass=\"so-widget-image\"\/>\n\t<\/div>\n\n<\/div><\/div><\/div><\/div><div id=\"pgc-1456-3-1\"  class=\"panel-grid-cell\" ><div id=\"panel-1456-3-1-0\" class=\"so-panel widget widget_sow-image panel-first-child panel-last-child\" data-index=\"4\" ><div class=\"panel-widget-style panel-widget-style-for-1456-3-1-0\" ><div\n\t\t\t\n\t\t\tclass=\"so-widget-sow-image so-widget-sow-image-default-8b5b6f678277-1456\"\n\t\t\t\n\t\t>\n<div class=\"sow-image-container\">\n\t\t<img \n\tsrc=\"https:\/\/guilhermepimentel.com.br\/wp-content\/uploads\/2021\/03\/img3-E-768x543.jpg\" width=\"768\" height=\"543\" srcset=\"https:\/\/guilhermepimentel.com.br\/wp-content\/uploads\/2021\/03\/img3-E-768x543.jpg 768w, https:\/\/guilhermepimentel.com.br\/wp-content\/uploads\/2021\/03\/img3-E-768x543-300x212.jpg 300w\" sizes=\"(max-width: 706px) 89vw, (max-width: 767px) 82vw, 740px\" title=\"img3 E-768&#215;543\" alt=\"\" \t\tclass=\"so-widget-image\"\/>\n\t<\/div>\n\n<\/div><\/div><\/div><\/div><div id=\"pgc-1456-3-2\"  class=\"panel-grid-cell\" ><div id=\"panel-1456-3-2-0\" class=\"so-panel widget widget_sow-image panel-first-child panel-last-child\" data-index=\"5\" ><div class=\"panel-widget-style panel-widget-style-for-1456-3-2-0\" ><div\n\t\t\t\n\t\t\tclass=\"so-widget-sow-image so-widget-sow-image-default-8b5b6f678277-1456\"\n\t\t\t\n\t\t>\n<div class=\"sow-image-container\">\n\t\t<img \n\tsrc=\"https:\/\/guilhermepimentel.com.br\/wp-content\/uploads\/2021\/03\/img2-a4-768x543.jpg\" width=\"768\" height=\"543\" srcset=\"https:\/\/guilhermepimentel.com.br\/wp-content\/uploads\/2021\/03\/img2-a4-768x543.jpg 768w, https:\/\/guilhermepimentel.com.br\/wp-content\/uploads\/2021\/03\/img2-a4-768x543-300x212.jpg 300w\" sizes=\"(max-width: 706px) 89vw, (max-width: 767px) 82vw, 740px\" title=\"img2 a4-768&#215;543\" alt=\"\" \t\tclass=\"so-widget-image\"\/>\n\t<\/div>\n\n<\/div><\/div><\/div><\/div><\/div><\/div><div id=\"pg-1456-4\"  class=\"panel-grid panel-has-style\" ><div class=\"siteorigin-panels-stretch panel-row-style panel-row-style-for-1456-4\" data-stretch-type=\"full-stretched\" ><div id=\"pgc-1456-4-0\"  class=\"panel-grid-cell\" ><div id=\"panel-1456-4-0-0\" class=\"so-panel widget widget_sow-image panel-first-child panel-last-child\" data-index=\"6\" ><div class=\"panel-widget-style panel-widget-style-for-1456-4-0-0\" ><div\n\t\t\t\n\t\t\tclass=\"so-widget-sow-image so-widget-sow-image-default-8b5b6f678277-1456\"\n\t\t\t\n\t\t>\n<div class=\"sow-image-container\">\n\t\t<img \n\tsrc=\"https:\/\/guilhermepimentel.com.br\/wp-content\/uploads\/2021\/03\/img4-C-768x543.jpg\" width=\"768\" height=\"543\" srcset=\"https:\/\/guilhermepimentel.com.br\/wp-content\/uploads\/2021\/03\/img4-C-768x543.jpg 768w, https:\/\/guilhermepimentel.com.br\/wp-content\/uploads\/2021\/03\/img4-C-768x543-300x212.jpg 300w\" sizes=\"(max-width: 706px) 89vw, (max-width: 767px) 82vw, 740px\" title=\"img4 C-768&#215;543\" alt=\"\" \t\tclass=\"so-widget-image\"\/>\n\t<\/div>\n\n<\/div><\/div><\/div><\/div><div id=\"pgc-1456-4-1\"  class=\"panel-grid-cell\" ><div id=\"panel-1456-4-1-0\" class=\"so-panel widget widget_sow-image panel-first-child panel-last-child\" data-index=\"7\" ><div class=\"panel-widget-style panel-widget-style-for-1456-4-1-0\" ><div\n\t\t\t\n\t\t\tclass=\"so-widget-sow-image so-widget-sow-image-default-8b5b6f678277-1456\"\n\t\t\t\n\t\t>\n<div class=\"sow-image-container\">\n\t\t<img \n\tsrc=\"https:\/\/guilhermepimentel.com.br\/wp-content\/uploads\/2021\/03\/img6-G-768x543.jpg\" width=\"768\" height=\"543\" srcset=\"https:\/\/guilhermepimentel.com.br\/wp-content\/uploads\/2021\/03\/img6-G-768x543.jpg 768w, https:\/\/guilhermepimentel.com.br\/wp-content\/uploads\/2021\/03\/img6-G-768x543-300x212.jpg 300w\" sizes=\"(max-width: 706px) 89vw, (max-width: 767px) 82vw, 740px\" title=\"img6 G-768&#215;543\" alt=\"\" \t\tclass=\"so-widget-image\"\/>\n\t<\/div>\n\n<\/div><\/div><\/div><\/div><div id=\"pgc-1456-4-2\"  class=\"panel-grid-cell\" ><div id=\"panel-1456-4-2-0\" class=\"so-panel widget widget_sow-image panel-first-child panel-last-child\" data-index=\"8\" ><div class=\"panel-widget-style panel-widget-style-for-1456-4-2-0\" ><div\n\t\t\t\n\t\t\tclass=\"so-widget-sow-image so-widget-sow-image-default-8b5b6f678277-1456\"\n\t\t\t\n\t\t>\n<div class=\"sow-image-container\">\n\t\t<img \n\tsrc=\"https:\/\/guilhermepimentel.com.br\/wp-content\/uploads\/2021\/03\/img5-I-768x543.jpg\" width=\"768\" height=\"543\" srcset=\"https:\/\/guilhermepimentel.com.br\/wp-content\/uploads\/2021\/03\/img5-I-768x543.jpg 768w, https:\/\/guilhermepimentel.com.br\/wp-content\/uploads\/2021\/03\/img5-I-768x543-300x212.jpg 300w\" sizes=\"(max-width: 706px) 89vw, (max-width: 767px) 82vw, 740px\" title=\"img5 I-768&#215;543\" alt=\"\" \t\tclass=\"so-widget-image\"\/>\n\t<\/div>\n\n<\/div><\/div><\/div><\/div><\/div><\/div><div id=\"pg-1456-5\"  class=\"panel-grid panel-has-style\" ><div class=\"siteorigin-panels-stretch panel-row-style panel-row-style-for-1456-5\" data-stretch-type=\"full\" ><div id=\"pgc-1456-5-0\"  class=\"panel-grid-cell panel-grid-cell-empty\" ><\/div><div id=\"pgc-1456-5-1\"  class=\"panel-grid-cell panel-grid-cell-mobile-last\" ><div id=\"panel-1456-5-1-0\" class=\"so-panel widget widget_sow-headline panel-first-child\" data-index=\"9\" ><div class=\"panel-widget-style panel-widget-style-for-1456-5-1-0\" ><div\n\t\t\t\n\t\t\tclass=\"so-widget-sow-headline so-widget-sow-headline-default-c54dda61073c-1456\"\n\t\t\t\n\t\t><div class=\"sow-headline-container \">\n\t\t\t\t\t\t\t<h1 class=\"sow-headline\">\n\t\t\t\t\t\tPe\u00e7a informa\u00e7\u00f5es aqui:\t\t\t\t\t\t<\/h1>\n\t\t\t\t\t\t\t\t\t\t\t<div class=\"decoration\">\n\t\t\t\t\t\t<div class=\"decoration-inside\"><\/div>\n\t\t\t\t\t<\/div>\n\t\t\t\t\t<\/div>\n<\/div><\/div><\/div><div id=\"panel-1456-5-1-1\" class=\"widget_text so-panel widget widget_custom_html panel-last-child\" data-index=\"10\" ><div class=\"widget_text panel-widget-style panel-widget-style-for-1456-5-1-1\" ><div class=\"textwidget custom-html-widget\">        <style>\n            .lzp-form{font:95% Arial,Helvetica,sans-serif;max-width:400px;margin:10px auto;padding:16px;background:#F7F7F7}.lzp-form input[type=text],.lzp-form input[type=date],.lzp-form input[type=datetime],.lzp-form input[type=email],.lzp-form input[type=number],.lzp-form input[type=search],.lzp-form input[type=time],.lzp-form input[type=url],.lzp-form select,.lzp-form textarea{-webkit-transition:all .3s ease-in-out;-moz-transition:all .3s ease-in-out;-ms-transition:all .3s ease-in-out;-o-transition:all .3s ease-in-out;outline:0;box-sizing:border-box;-webkit-box-sizing:border-box;-moz-box-sizing:border-box;width:100%;background:#fff;margin-bottom:4%;border:1px solid #ccc;padding:3%;color:#555;font:95% Arial,Helvetica,sans-serif}.lzp-form input[type=text]:focus,.lzp-form input[type=date]:focus,.lzp-form input[type=datetime]:focus,.lzp-form input[type=email]:focus,.lzp-form input[type=number]:focus,.lzp-form input[type=search]:focus,.lzp-form input[type=time]:focus,.lzp-form input[type=url]:focus,.lzp-form select:focus,.lzp-form textarea:focus{box-shadow:0 0 5px #c9c9c9;padding:3%;border:1px solid #c7c0c0}.lzp-form input[type=submit],.lzp-form input[type=button]{box-sizing:border-box;-webkit-box-sizing:border-box;-moz-box-sizing:border-box;width:100%;padding:3%;background:#108b2d;border-bottom:2px solid #03641a;border-top-style:none;border-right-style:none;border-left-style:none;color:#fff;cursor:pointer}.lzp-form input[type=submit]:hover,.lzp-form input[type=button]:hover{background:#076a1e}\n        <\/style>\n        <form id=\"lzp-form\" class=\"lzp-form\" action=\"https:\/\/hub.leadszapp.com\/lZzP\" method=\"post\" accept-charset=\"utf-8\">\n            <input type=\"text\" class=\"first_name\" name=\"first_name\" placeholder=\"Nome\" required \/>\n            <input type=\"text\" class=\"last_name\" name=\"last_name\" placeholder=\"Sobrenome\" required \/>\n            <input type=\"email\" class=\"email\" name=\"email\" placeholder=\"Email\" required \/>\n            <input type=\"text\" class=\"mobile_phone\" name=\"mobile_phone\" placeholder=\"Celular (DDD) + N\u00famero\" required \/>\n            <input type=\"submit\" value=\"Quero Saber MAIS\" \/>\n        <\/form>\n        <script src=\"https:\/\/cdnjs.cloudflare.com\/ajax\/libs\/vanilla-masker\/1.2.0\/vanilla-masker.min.js\"><\/script>\n        <script>VMasker(document.querySelector(\"#lzp-form .mobile_phone\")).maskPattern(\"(99) 99999-9999\");<\/script>\n    <\/div><\/div><\/div><\/div><div id=\"pgc-1456-5-2\"  class=\"panel-grid-cell panel-grid-cell-empty\" ><\/div><\/div><\/div><div id=\"pg-1456-6\"  class=\"panel-grid panel-has-style\" ><div class=\"siteorigin-panels-stretch panel-row-style panel-row-style-for-1456-6\" data-stretch-type=\"full\" ><div id=\"pgc-1456-6-0\"  class=\"panel-grid-cell\" ><div id=\"panel-1456-6-0-0\" class=\"so-panel widget widget_sow-editor panel-first-child panel-last-child\" data-index=\"11\" ><div class=\"panel-widget-style panel-widget-style-for-1456-6-0-0\" ><div\n\t\t\t\n\t\t\tclass=\"so-widget-sow-editor so-widget-sow-editor-base\"\n\t\t\t\n\t\t>\n<div class=\"siteorigin-widget-tinymce textwidget\">\n\t<div class=\"bg section-bg fill bg-fill bg-loaded\">\n<div class=\"section-bg-overlay absolute fill\"><\/div>\n<\/div>\n<div class=\"section-content relative\">\n<div id=\"row-1786534800\" class=\"row row-large align-center\">\n<div class=\"col medium-11 small-12 large-11\">\n<div class=\"col-inner text-center\">\n<div id=\"row-2109617269\" class=\"row\">\n<div class=\"col medium-4 small-12 large-4\">\n<div class=\"col-inner\">\n<h5 class=\"uppercase\" style=\"text-align: center;\"><strong>APARTAMENTOS DE<\/strong><\/h5>\n<h3 class=\"uppercase\" style=\"text-align: center;\" data-padding=\"5px\">3-4 QUARTOS\u00a0(4 SU\u00cdTES)<\/h3>\n<h6 class=\"uppercase\" style=\"text-align: center;\"><strong>2 VAGAS DE GARAGEM<\/strong><\/h6>\n<\/div>\n<\/div>\n<\/div>\n<\/div>\n<\/div>\n<\/div>\n<\/div>\n<\/div>\n<\/div><\/div><\/div><\/div><div id=\"pgc-1456-6-1\"  class=\"panel-grid-cell\" ><div id=\"panel-1456-6-1-0\" class=\"so-panel widget widget_sow-editor panel-first-child panel-last-child\" data-index=\"12\" ><div\n\t\t\t\n\t\t\tclass=\"so-widget-sow-editor so-widget-sow-editor-base\"\n\t\t\t\n\t\t>\n<div class=\"siteorigin-widget-tinymce textwidget\">\n\t<p style=\"text-align: center;\"><strong>O CONFORTO DE ESTAR LADO A LADO COM O PRINCIPAL CIRCUITO GASTRON\u00d4MICO DA CIDADE. VIVER AQUI \u00c9 MAIS QUE UM PRIVIL\u00c9GIO.<\/strong><\/p>\n<\/div>\n<\/div><\/div><\/div><div id=\"pgc-1456-6-2\"  class=\"panel-grid-cell\" ><div id=\"panel-1456-6-2-0\" class=\"so-panel widget widget_sow-editor panel-first-child panel-last-child\" data-index=\"13\" ><div\n\t\t\t\n\t\t\tclass=\"so-widget-sow-editor so-widget-sow-editor-base\"\n\t\t\t\n\t\t>\n<div class=\"siteorigin-widget-tinymce textwidget\">\n\t<h4 class=\"h-large uppercase\" style=\"text-align: center;\"><strong>O JEITO DE MORAR DE QUEM SABE APROVEITAR A VIDA<\/strong><\/h4>\n<h5 class=\"uppercase\" style=\"text-align: center;\" data-padding=\"10px\">FRENTE MAR E AOS P\u00c9S DO<br \/>\nPARQUE DA CIDADE<\/h5>\n<\/div>\n<\/div><\/div><\/div><\/div><\/div><div id=\"pg-1456-7\"  class=\"panel-grid panel-has-style\" ><div class=\"siteorigin-panels-stretch panel-row-style panel-row-style-for-1456-7\" data-stretch-type=\"full-stretched\" ><div id=\"pgc-1456-7-0\"  class=\"panel-grid-cell panel-grid-cell-empty\" ><\/div><div id=\"pgc-1456-7-1\"  class=\"panel-grid-cell panel-grid-cell-mobile-last\" ><div id=\"panel-1456-7-1-0\" class=\"so-panel widget widget_sow-video panel-first-child panel-last-child\" data-index=\"14\" ><div\n\t\t\t\n\t\t\tclass=\"so-widget-sow-video so-widget-sow-video-default-f379b959fc93-1456\"\n\t\t\t\n\t\t>\n<div class=\"sow-video-wrapper\n\">\n\t\t\t<video\n\t\t\tid=\"sow-player-2\" class=\"sow-video-widget\" preload=\"auto\" style=\"width:100%;height:100%;\" autoplay playsinline muted=\"1\" controls \t\t>\n\t\t\t\t\t\t\t<source type=\"video\/mp4\" src=\"https:\/\/guilhermepimentel.com.br\/wp-content\/uploads\/2021\/03\/WhatsApp-Video-2021-03-24-at-11.42.42.mp4\"\/>\n\t\t\t\t\t<\/video>\n\t<\/div>\n<\/div><\/div><\/div><div id=\"pgc-1456-7-2\"  class=\"panel-grid-cell panel-grid-cell-empty\" ><\/div><\/div><\/div><div id=\"pg-1456-8\"  class=\"panel-grid panel-has-style\" ><div class=\"siteorigin-panels-stretch panel-row-style panel-row-style-for-1456-8\" data-stretch-type=\"full-stretched\" ><div id=\"pgc-1456-8-0\"  class=\"panel-grid-cell panel-grid-cell-empty\" ><\/div><div id=\"pgc-1456-8-1\"  class=\"panel-grid-cell panel-grid-cell-mobile-last\" ><div id=\"panel-1456-8-1-0\" class=\"so-panel widget widget_sow-image panel-first-child panel-last-child\" data-index=\"15\" ><div class=\"panel-widget-style panel-widget-style-for-1456-8-1-0\" ><div\n\t\t\t\n\t\t\tclass=\"so-widget-sow-image so-widget-sow-image-default-8b5b6f678277-1456\"\n\t\t\t\n\t\t>\n<div class=\"sow-image-container\">\n\t\t\t<a href=\"https:\/\/bit.ly\/guilhermeconsult\"\n\t\t\t\t\t>\n\t\t\t<img \n\tsrc=\"https:\/\/guilhermepimentel.com.br\/wp-content\/uploads\/2021\/03\/Flyer-REC2.png\" width=\"1204\" height=\"1208\" srcset=\"https:\/\/guilhermepimentel.com.br\/wp-content\/uploads\/2021\/03\/Flyer-REC2.png 1204w, https:\/\/guilhermepimentel.com.br\/wp-content\/uploads\/2021\/03\/Flyer-REC2-150x150.png 150w, https:\/\/guilhermepimentel.com.br\/wp-content\/uploads\/2021\/03\/Flyer-REC2-300x300.png 300w, https:\/\/guilhermepimentel.com.br\/wp-content\/uploads\/2021\/03\/Flyer-REC2-768x771.png 768w, https:\/\/guilhermepimentel.com.br\/wp-content\/uploads\/2021\/03\/Flyer-REC2-1021x1024.png 1021w, https:\/\/guilhermepimentel.com.br\/wp-content\/uploads\/2021\/03\/Flyer-REC2-100x100.png 100w\" sizes=\"(max-width: 706px) 89vw, (max-width: 767px) 82vw, 740px\" title=\"Flyer &#8211; REC2\" alt=\"\" \t\tclass=\"so-widget-image\"\/>\n\t\t\t<\/a><\/div>\n\n<\/div><\/div><\/div><\/div><div id=\"pgc-1456-8-2\"  class=\"panel-grid-cell panel-grid-cell-empty\" ><\/div><\/div><\/div><div id=\"pg-1456-9\"  class=\"panel-grid panel-has-style\" ><div class=\"siteorigin-panels-stretch panel-row-style panel-row-style-for-1456-9\" data-stretch-type=\"full\" ><div id=\"pgc-1456-9-0\"  class=\"panel-grid-cell\" ><div id=\"panel-1456-9-0-0\" class=\"so-panel widget widget_sow-editor panel-first-child panel-last-child\" data-index=\"16\" ><div\n\t\t\t\n\t\t\tclass=\"so-widget-sow-editor so-widget-sow-editor-base\"\n\t\t\t\n\t\t>\n<div class=\"siteorigin-widget-tinymce textwidget\">\n\t<h1><span style=\"color: #404040;\">FALE COMIGO <a href=\"https:\/\/bit.ly\/guilhermeconsult\"><strong>AGORA!<\/strong><\/a><\/span><\/h1>\n<\/div>\n<\/div><\/div><\/div><div id=\"pgc-1456-9-1\"  class=\"panel-grid-cell\" ><div id=\"panel-1456-9-1-0\" class=\"so-panel widget widget_sow-editor panel-first-child panel-last-child\" data-index=\"17\" ><div\n\t\t\t\n\t\t\tclass=\"so-widget-sow-editor so-widget-sow-editor-base\"\n\t\t\t\n\t\t>\n<div class=\"siteorigin-widget-tinymce textwidget\">\n\t<p><img loading=\"lazy\" decoding=\"async\" class=\"alignnone size-medium wp-image-1465\" src=\"http:\/\/guilhermepimentel.com.br\/wp-content\/uploads\/2021\/03\/logo_mediterraneo_01-300x85.png\" alt=\"\" width=\"300\" height=\"85\" srcset=\"https:\/\/guilhermepimentel.com.br\/wp-content\/uploads\/2021\/03\/logo_mediterraneo_01-300x85.png 300w, https:\/\/guilhermepimentel.com.br\/wp-content\/uploads\/2021\/03\/logo_mediterraneo_01.png 319w\" sizes=\"(max-width: 300px) 100vw, 300px\" \/><\/p>\n<\/div>\n<\/div><\/div><\/div><\/div><\/div><\/div>","protected":false},"excerpt":{"rendered":"<p>Pe\u00e7a informa\u00e7\u00f5es aqui: APARTAMENTOS DE 3-4 QUARTOS\u00a0(4 SU\u00cdTES) 2 VAGAS DE GARAGEM O CONFORTO DE ESTAR LADO A LADO COM O PRINCIPAL CIRCUITO GASTRON\u00d4MICO DA CIDADE. VIVER AQUI \u00c9 MAIS QUE UM PRIVIL\u00c9GIO. O JEITO DE MORAR DE QUEM SABE APROVEITAR A VIDA FRENTE MAR E AOS P\u00c9S DO PARQUE DA CIDADE FALE COMIGO AGORA!<\/p>\n","protected":false},"author":1,"featured_media":0,"parent":0,"menu_order":0,"comment_status":"closed","ping_status":"closed","template":"","meta":{"footnotes":""},"_links":{"self":[{"href":"https:\/\/guilhermepimentel.com.br\/index.php\/wp-json\/wp\/v2\/pages\/1456"}],"collection":[{"href":"https:\/\/guilhermepimentel.com.br\/index.php\/wp-json\/wp\/v2\/pages"}],"about":[{"href":"https:\/\/guilhermepimentel.com.br\/index.php\/wp-json\/wp\/v2\/types\/page"}],"author":[{"embeddable":true,"href":"https:\/\/guilhermepimentel.com.br\/index.php\/wp-json\/wp\/v2\/users\/1"}],"replies":[{"embeddable":true,"href":"https:\/\/guilhermepimentel.com.br\/index.php\/wp-json\/wp\/v2\/comments?post=1456"}],"version-history":[{"count":14,"href":"https:\/\/guilhermepimentel.com.br\/index.php\/wp-json\/wp\/v2\/pages\/1456\/revisions"}],"predecessor-version":[{"id":1481,"href":"https:\/\/guilhermepimentel.com.br\/index.php\/wp-json\/wp\/v2\/pages\/1456\/revisions\/1481"}],"wp:attachment":[{"href":"https:\/\/guilhermepimentel.com.br\/index.php\/wp-json\/wp\/v2\/media?parent=1456"}],"curies":[{"name":"wp","href":"https:\/\/api.w.org\/{rel}","templated":true}]}}