{"id":1016,"date":"2020-01-20T23:27:09","date_gmt":"2020-01-21T02:27:09","guid":{"rendered":"http:\/\/guilhermepimentel.com.br\/?page_id=1016"},"modified":"2020-01-20T23:49:02","modified_gmt":"2020-01-21T02:49:02","slug":"oracao-de-aniversario","status":"publish","type":"page","link":"https:\/\/guilhermepimentel.com.br\/index.php\/oracao-de-aniversario\/","title":{"rendered":"Ora\u00e7\u00e3o de Anivers\u00e1rio"},"content":{"rendered":"<div id=\"pl-1016\"  class=\"panel-layout\" ><div id=\"pg-1016-0\"  class=\"panel-grid panel-has-style\" ><div class=\"siteorigin-panels-stretch panel-row-style panel-row-style-for-1016-0\" data-stretch-type=\"full-stretched\" ><div id=\"pgc-1016-0-0\"  class=\"panel-grid-cell\" ><div id=\"panel-1016-0-0-0\" class=\"so-panel widget widget_sow-hero panel-first-child panel-last-child\" data-index=\"0\" ><div\n\t\t\t\n\t\t\tclass=\"so-widget-sow-hero so-widget-sow-hero-default-81741d735408-1016\"\n\t\t\t\n\t\t>\t\t\t\t<div class=\"sow-slider-base\" style=\"display: none\" tabindex=\"0\">\n\t\t\t\t\t<ul\n\t\t\t\t\tclass=\"sow-slider-images\"\n\t\t\t\t\tdata-settings=\"{&quot;pagination&quot;:true,&quot;speed&quot;:800,&quot;timeout&quot;:8000,&quot;paused&quot;:false,&quot;pause_on_hover&quot;:false,&quot;swipe&quot;:false,&quot;nav_always_show_desktop&quot;:&quot;&quot;,&quot;nav_always_show_mobile&quot;:&quot;&quot;,&quot;breakpoint&quot;:&quot;780px&quot;,&quot;unmute&quot;:false,&quot;anchor&quot;:null}\"\n\t\t\t\t\t\t\t\t\t\tdata-anchor-id=\"\"\n\t\t\t\t>\t\t<li class=\"sow-slider-image  sow-slider-image-cover\" style=\"visibility: visible;;background-color: #333333;background-image: url(https:\/\/guilhermepimentel.com.br\/wp-content\/uploads\/2020\/01\/00000image0.jpeg)\" >\n\t\t\t\t\t<div class=\"sow-slider-image-container\">\n\t\t\t<div class=\"sow-slider-image-wrapper\">\n\t\t\t\t<h1 style=\"text-align: center\"><strong>Ora\u00e7\u00e3o de Anivers\u00e1rio<\/strong><\/h1>\n\t\t\t<\/div>\n\t\t<\/div>\n\t\t\t\t<\/li>\n\t\t<\/ul>\t\t\t\t<ol class=\"sow-slider-pagination\">\n\t\t\t\t\t\t\t\t\t\t\t<li><a href=\"#\" data-goto=\"0\" aria-label=\"Display slide 1\"><\/a><\/li>\n\t\t\t\t\t\t\t\t\t<\/ol>\n\n\t\t\t\t<div class=\"sow-slide-nav sow-slide-nav-next\">\n\t\t\t\t\t<a href=\"#\" data-goto=\"next\" aria-label=\"Next slide\" data-action=\"next\">\n\t\t\t\t\t\t<em class=\"sow-sld-icon-thin-right\"><\/em>\n\t\t\t\t\t<\/a>\n\t\t\t\t<\/div>\n\n\t\t\t\t<div class=\"sow-slide-nav sow-slide-nav-prev\">\n\t\t\t\t\t<a href=\"#\" data-goto=\"previous\" aria-label=\"Previous slide\" data-action=\"prev\">\n\t\t\t\t\t\t<em class=\"sow-sld-icon-thin-left\"><\/em>\n\t\t\t\t\t<\/a>\n\t\t\t\t<\/div>\n\t\t\t\t<\/div><\/div><\/div><\/div><\/div><\/div><div id=\"pg-1016-1\"  class=\"panel-grid panel-has-style\" ><div class=\"siteorigin-panels-stretch panel-row-style panel-row-style-for-1016-1\" data-stretch-type=\"full-stretched\" ><div id=\"pgc-1016-1-0\"  class=\"panel-grid-cell\" ><div id=\"panel-1016-1-0-0\" class=\"so-panel widget widget_media_video panel-first-child panel-last-child\" data-index=\"1\" ><div class=\"panel-widget-style panel-widget-style-for-1016-1-0-0\" ><div style=\"width:100%;\" class=\"wp-video\"><!--[if lt IE 9]><script>document.createElement('video');<\/script><![endif]-->\n<video class=\"wp-video-shortcode\" id=\"video-1016-1\" preload=\"metadata\" controls=\"controls\"><source type=\"video\/youtube\" src=\"https:\/\/youtu.be\/E-UDTzuGsAE?_=1\" \/><a href=\"https:\/\/youtu.be\/E-UDTzuGsAE\">https:\/\/youtu.be\/E-UDTzuGsAE<\/a><\/video><\/div><\/div><\/div><\/div><\/div><\/div><div id=\"pg-1016-2\"  class=\"panel-grid panel-has-style\" ><div class=\"siteorigin-panels-stretch panel-row-style panel-row-style-for-1016-2\" data-stretch-type=\"full\" ><div id=\"pgc-1016-2-0\"  class=\"panel-grid-cell\" ><div id=\"panel-1016-2-0-0\" class=\"so-panel widget widget_sow-headline panel-first-child\" data-index=\"2\" ><div\n\t\t\t\n\t\t\tclass=\"so-widget-sow-headline so-widget-sow-headline-default-4eee745bf24d-1016\"\n\t\t\t\n\t\t><div class=\"sow-headline-container \">\n\t\t\t\t\t\t\t<h1 class=\"sow-headline\">\n\t\t\t\t\t\tOra\u00e7\u00e3o de Anivers\u00e1rio\t\t\t\t\t\t<\/h1>\n\t\t\t\t\t\t\t\t\t\t\t\t<h3 class=\"sow-sub-headline\">\n\t\t\t\t\t\tE ent\u00e3o 60. Que legal!!!\t\t\t\t\t\t<\/h3>\n\t\t\t\t\t\t<\/div>\n<\/div><\/div><div id=\"panel-1016-2-0-1\" class=\"so-panel widget widget_sow-editor panel-last-child\" data-index=\"3\" ><div\n\t\t\t\n\t\t\tclass=\"so-widget-sow-editor so-widget-sow-editor-base\"\n\t\t\t\n\t\t>\n<div class=\"siteorigin-widget-tinymce textwidget\">\n\t<p>Mais um ano terminando em minha vida.<\/p>\n<p>No dia 23 de janeiro de 2020 eu farei 60 anos.<\/p>\n<p>Fui programado a achar essa data marcante e esse n\u00famero 60 um \u201cdivisor de \u00e1guas\u201d.<\/p>\n<p>Que Eu tenha a sanidade de rejeitar essa programa\u00e7\u00e3o e apagar tudo isso de minha <strong>mente<\/strong>.<\/p>\n<p><strong>Mente?<\/strong><\/p>\n<p>Que mais e mais Eu tenha a <strong>Consci\u00eancia<\/strong> de que n\u00e3o sou a minha mente e que sou muito maior do que as limita\u00e7\u00f5es desse conjunto de regras pensantes que executo.<\/p>\n<p><strong>Consci\u00eancia?<\/strong><\/p>\n<p>Que Eu me conecte mais e mais com a minha Consci\u00eancia e me expanda al\u00e9m dos limites castrantes dessa realidade ilus\u00f3ria.<\/p>\n<p>Que Eu receba muito mais do que recebi at\u00e9 hoje. Porque agora Eu aprendi a receber.<\/p>\n<p>Que Eu tenha muito mais alegria do que tive at\u00e9 agora. Porque agora Eu entendo que n\u00e3o preciso me sentir culpado por estar feliz e pleno.<\/p>\n<p>Que Eu n\u00e3o aceite mais qualquer culpa imposta por mim ou por outros a mim mesmo. Porque a culpa al\u00e9m de in\u00fatil \u00e9 auto abuso e Eu n\u00e3o vou me abusar nunca mais.<\/p>\n<p>Que com isso Eu tamb\u00e9m possa ajudar mais e mais pessoas a sa\u00edrem da culpa e do auto abuso.<\/p>\n<p><strong>E que a vida seja leve.\u00a0<\/strong><\/p>\n<p>Que Eu diga Sim quando quiser dizer Sim que Eu diga N\u00e3o quando quiser dizer N\u00e3o. E mesmo que eu escolha fazer algo que Eu N\u00e3o queira. Que Eu esteja sempre consciente desta op\u00e7\u00e3o e que Eu possa estar preparado para receber as consequ\u00eancias dessa escolha e de todas as minhas escolhas.<\/p>\n<p>Escolhas ahhhhh as escolhas.<\/p>\n<p>Como Eu adoro escolher. Como Eu adoro estar consciente de que n\u00e3o h\u00e1 limite para as minhas escolhas. A n\u00e3o ser a minha Verdade.<\/p>\n<p>Que eu escolha mais e mais e mais vivendo o agora. Que eu escolha de novo e de novo...<\/p>\n<p>Como \u00e9 maravilhoso poder escolher.<\/p>\n<p>Que Eu esteja sempre consciente que eu Escolho por mim e se Eu perceber que qualquer uma das minhas escolhas n\u00e3o est\u00e1 alinhada com a minha Verdade que Eu abra m\u00e3o dessa escolha imediatamente e escolha de novo. E de novo. E de novo...<\/p>\n<p>Porque n\u00e3o h\u00e1 limite para minhas escolhas.<\/p>\n<p><strong>E que a vida seja leve.\u00a0<\/strong><\/p>\n<p>Que Eu conhe\u00e7a mais e mais pessoas e que Eu perceba a contribui\u00e7\u00e3o que podemos ser uns para os outros.<\/p>\n<p>Porque n\u00e3o h\u00e1 quem n\u00e3o possa receber a minha contribui\u00e7\u00e3o e n\u00e3o h\u00e1 quem n\u00e3o possa ser contribui\u00e7\u00e3o para mim.<\/p>\n<p>Daqui para frente muita coisa vai acontecer. Porque \u00e0 medida que me torno mais consciente a vida parece acelerar para mim.<\/p>\n<p>O que \u00e9 muito bom.<\/p>\n<p><strong>E que a vida seja leve.\u00a0<\/strong><\/p>\n<p><strong>Viverei novas e maravilhosas aventuras.<\/strong><\/p>\n<p>Terei cada vez menos dissabores e muito mais alegrias.<\/p>\n<p>Terei mais abundancia ainda. Pois estou disposto e aberto a receber.<\/p>\n<p>E sei que vou rir muito. \u00c9 muito bom viver com alegria. Porque sem alegria para mim n\u00e3o \u00e9 viver.<\/p>\n<p>E sei que tamb\u00e9m vou chorar. Mas se Eu chorar que Eu esteja sob a chuva.<\/p>\n<p>Ahhhhh a chuva. Como Eu adoro a chuva \u201cpois a chuva voltando pra terra traz coisas do ar\u201d (1).<\/p>\n<p>Que Eu ven\u00e7a mais e mais as amarras e limita\u00e7\u00f5es que inconscientemente impus a minha vida.<\/p>\n<p>Que Eu cada vez mais saia do \u201cquase\u201d e viva aquilo que tenho evitado viver. Aquilo que permiti que me fosse tirado. Aquilo que considerei imposs\u00edvel sem mesmo tentar. Aquilo que \u00e9 real e verdadeiro para mim.<\/p>\n<p>\u201cPorque, embora quem quase morre esteja vivo, quem quase vive j\u00e1 morreu\u201d(2).<\/p>\n<p>E eu estou muito vivo e vou sair do quase.<\/p>\n<p>Que Eu n\u00e3o economize atitudes e n\u00e3o me permita limites fora da minha verdade.<\/p>\n<p><strong>E que a vida seja leve.\u00a0<\/strong><\/p>\n<p>E se Eu tiver Medo s\u00f3 digo uma coisa: vai com medo mesmo.<\/p>\n<p>Que eu esteja consciente de que o medo \u00e9 criado pelos limites inconscientes da minha mente. Eu sou um Ser consciente e me manterei livre desses limites porque sei que posso acessar muito mais.<\/p>\n<p>Que Eu trabalhe menos e me divirta mais e veja o Sol nascer e se por.<\/p>\n<p>Que Eu esteja mais em contato com a natureza, com o mar, com os animais, com as consci\u00eancias de tudo. Pois tudo \u00e9 consciente e Eu sei disso. Sempre soube.<\/p>\n<p>Que Eu honre meus ancestrais e seja honrado por meus descendentes. Que Eu receba as boas energias dos meus ancestrais e s\u00f3 deixe de heran\u00e7a boas energias para meus descendentes.<\/p>\n<p><strong>E que a vida seja leve. \u00a0<\/strong><\/p>\n<p>Eu \u201cPenso que cumprir a vida. Seja simplesmente. Compreender a marcha...\u201d (3)<\/p>\n<p>Que Eu compreenda a marcha e esteja em harmonia com o fluxo das energias da vida e siga no sentido da evolu\u00e7\u00e3o sem lutar contra a minha verdade. Verdade que evolui comigo desde o princ\u00edpio de tudo que houve, que h\u00e1 e que haver\u00e1.<\/p>\n<p>E que Eu contribua para que a vida das consci\u00eancias que tiverem contato comigo seja mais leve.<\/p>\n<p><strong>Que Eu seja a cura, que Eu receba a cura, que Eu espalhe a cura.<\/strong><\/p>\n<p>Sofri e talvez Eu tamb\u00e9m tenha feito sofrer. Que isso seja para sempre passado em minha vida.<\/p>\n<p>Que Eu alivie o sofrimento meu e de todos que passarem pelo meu caminho.<\/p>\n<p>Trazendo mais Alegria, Cura, Luz, For\u00e7a e Paz onde Eu for.<\/p>\n<p>Que Eu me exercite e nutra meu corpo. Pois Ele \u00e9 o templo onde reside a fagulha de minha consci\u00eancia e \u00e9 o meu instrumento para interagir com essa realidade.<\/p>\n<p>Me movendo por todas a infinitas possibilidades de ruas, avenidas, bairros, cidades, pa\u00edses, continentes, mares, paisagens e tudo mais que houver para o infinito e al\u00e9m.<\/p>\n<p>E que Eu n\u00e3o me omita mais. Nunca mais. Por que est\u00e1 provado que ficar \u201cem cima do muro\u201d j\u00e1 \u00e9 escolher o lado errado. E o lado errado \u00e9 o lado que n\u00e3o est\u00e1 alinhado com a minha verdade \u00fanica, plena e infinita.<\/p>\n<p>E que Eu seja a contribui\u00e7\u00e3o que realize a minha verdade. Que essa contribui\u00e7\u00e3o encontre as consci\u00eancias que realmente tenham afinidade com o que tenho para oferecer.<\/p>\n<p>Que Eu saiba dar com sabedoria realmente contribuindo.<\/p>\n<p>E que Eu tamb\u00e9m saiba pedir, receber e agradecer com sabedoria toda a contribui\u00e7\u00e3o que o Universo est\u00e1 sempre a me enviar.<\/p>\n<p>E que a vida seja leve.<\/p>\n<p><strong>Ahhhhh e as emo\u00e7\u00f5es?<\/strong><\/p>\n<p>Que eu saiba viv\u00ea-las como a recompensa que s\u00e3o.<\/p>\n<p>A recompensa por estar nessa exist\u00eancia.<\/p>\n<p>Sem ser dominado por elas, mas sim consciente de que s\u00e3o a manifesta\u00e7\u00e3o em meu corpo de meus pensamentos e sentimentos. Tudo resultado do meu querido ego.<\/p>\n<p>Que Eu saiba que n\u00e3o sou minha mente nem meu ego, mas que os tenha como poderosos aliados \u00e0 minha jornada. Nunca como limitantes e sim como instrumentos libertadores.<\/p>\n<p><strong>E as rela\u00e7\u00f5es?<\/strong><\/p>\n<p>Como \u00e9 bom me relacionar com outras consci\u00eancias.<\/p>\n<p>Bom demais, prazeroso e engrandecedor.<\/p>\n<p>Que Eu seja o libertador das consci\u00eancias que a minha vida tocar e que essas consci\u00eancias respeitem a liberdade da minha verdade.<\/p>\n<p>Que eu possa ser contribui\u00e7\u00e3o para que queiram se curar, para que queiram se libertar, para que queiram ser plenos e conscientes, para que acessem a sua verdade.<\/p>\n<p>&nbsp;<\/p>\n<p>Que esse seja o primeiro ano do resto de minha vida.<\/p>\n<p>E que eu acesse as infinitas possibilidades.<\/p>\n<p>&nbsp;<\/p>\n<p>Eu olho, Eu vejo, Eu observo, Eu percebo, Eu crio, Eu realizo, Eu sei, <strong>Eu sou<\/strong>.<\/p>\n<p><strong>E que a vida seja leve.<\/strong><\/p>\n<p>&nbsp;<\/p>\n<p>(1)- Raul Seixas<\/p>\n<p>(2)- Sarah Westphal<\/p>\n<p>(3)- Almir Sater e Renato Teixeira<\/p>\n<p>&nbsp;<\/p>\n<p style=\"text-align: center;\">\n<\/div>\n<\/div><\/div><\/div><\/div><\/div><div id=\"pg-1016-3\"  class=\"panel-grid panel-has-style\" ><div class=\"siteorigin-panels-stretch panel-row-style panel-row-style-for-1016-3\" data-stretch-type=\"full-stretched\" ><div id=\"pgc-1016-3-0\"  class=\"panel-grid-cell\" ><div id=\"panel-1016-3-0-0\" class=\"so-panel widget widget_sow-hero panel-first-child panel-last-child\" data-index=\"4\" ><div\n\t\t\t\n\t\t\tclass=\"so-widget-sow-hero so-widget-sow-hero-default-81741d735408-1016\"\n\t\t\t\n\t\t>\t\t\t\t<div class=\"sow-slider-base\" style=\"display: none\" tabindex=\"0\">\n\t\t\t\t\t<ul\n\t\t\t\t\tclass=\"sow-slider-images\"\n\t\t\t\t\tdata-settings=\"{&quot;pagination&quot;:true,&quot;speed&quot;:800,&quot;timeout&quot;:8000,&quot;paused&quot;:false,&quot;pause_on_hover&quot;:false,&quot;swipe&quot;:false,&quot;nav_always_show_desktop&quot;:&quot;&quot;,&quot;nav_always_show_mobile&quot;:&quot;&quot;,&quot;breakpoint&quot;:&quot;780px&quot;,&quot;unmute&quot;:false,&quot;anchor&quot;:null}\"\n\t\t\t\t\t\t\t\t\t\tdata-anchor-id=\"\"\n\t\t\t\t>\t\t<li class=\"sow-slider-image  sow-slider-image-cover\" style=\"visibility: visible;;background-color: #333333;background-image: url(https:\/\/guilhermepimentel.com.br\/wp-content\/uploads\/2020\/01\/00000image0.jpeg)\" >\n\t\t\t\t\t<div class=\"sow-slider-image-container\">\n\t\t\t<div class=\"sow-slider-image-wrapper\">\n\t\t\t\t<h1 style=\"text-align: center\"><span style=\"color: #ffffff\"><strong><a style=\"color: #ffffff\" href=\"https:\/\/guilhermepimentel.com.br\/\">VOLTAR A P\u00c1GINA INICIAL<\/a><\/strong><\/span><\/h1>\n\t\t\t<\/div>\n\t\t<\/div>\n\t\t\t\t<\/li>\n\t\t<\/ul>\t\t\t\t<ol class=\"sow-slider-pagination\">\n\t\t\t\t\t\t\t\t\t\t\t<li><a href=\"#\" data-goto=\"0\" aria-label=\"Display slide 1\"><\/a><\/li>\n\t\t\t\t\t\t\t\t\t<\/ol>\n\n\t\t\t\t<div class=\"sow-slide-nav sow-slide-nav-next\">\n\t\t\t\t\t<a href=\"#\" data-goto=\"next\" aria-label=\"Next slide\" data-action=\"next\">\n\t\t\t\t\t\t<em class=\"sow-sld-icon-thin-right\"><\/em>\n\t\t\t\t\t<\/a>\n\t\t\t\t<\/div>\n\n\t\t\t\t<div class=\"sow-slide-nav sow-slide-nav-prev\">\n\t\t\t\t\t<a href=\"#\" data-goto=\"previous\" aria-label=\"Previous slide\" data-action=\"prev\">\n\t\t\t\t\t\t<em class=\"sow-sld-icon-thin-left\"><\/em>\n\t\t\t\t\t<\/a>\n\t\t\t\t<\/div>\n\t\t\t\t<\/div><\/div><\/div><\/div><\/div><\/div><\/div>","protected":false},"excerpt":{"rendered":"<p>Ora\u00e7\u00e3o de Anivers\u00e1rio https:\/\/youtu.be\/E-UDTzuGsAE Ora\u00e7\u00e3o de Anivers\u00e1rio E ent\u00e3o 60. Que legal!!! Mais um ano terminando em minha vida. No dia 23 de janeiro de 2020 eu farei 60 anos. Fui programado a achar essa data marcante e esse n\u00famero 60 um \u201cdivisor de \u00e1guas\u201d. Que Eu tenha a sanidade de rejeitar essa programa\u00e7\u00e3o e &hellip; <\/p>\n<p class=\"link-more\"><a href=\"https:\/\/guilhermepimentel.com.br\/index.php\/oracao-de-aniversario\/\" class=\"more-link\">Continue reading<span class=\"screen-reader-text\"> &#8220;Ora\u00e7\u00e3o de Anivers\u00e1rio&#8221;<\/span><\/a><\/p>\n","protected":false},"author":1,"featured_media":0,"parent":0,"menu_order":0,"comment_status":"closed","ping_status":"closed","template":"","meta":{"footnotes":""},"_links":{"self":[{"href":"https:\/\/guilhermepimentel.com.br\/index.php\/wp-json\/wp\/v2\/pages\/1016"}],"collection":[{"href":"https:\/\/guilhermepimentel.com.br\/index.php\/wp-json\/wp\/v2\/pages"}],"about":[{"href":"https:\/\/guilhermepimentel.com.br\/index.php\/wp-json\/wp\/v2\/types\/page"}],"author":[{"embeddable":true,"href":"https:\/\/guilhermepimentel.com.br\/index.php\/wp-json\/wp\/v2\/users\/1"}],"replies":[{"embeddable":true,"href":"https:\/\/guilhermepimentel.com.br\/index.php\/wp-json\/wp\/v2\/comments?post=1016"}],"version-history":[{"count":9,"href":"https:\/\/guilhermepimentel.com.br\/index.php\/wp-json\/wp\/v2\/pages\/1016\/revisions"}],"predecessor-version":[{"id":1027,"href":"https:\/\/guilhermepimentel.com.br\/index.php\/wp-json\/wp\/v2\/pages\/1016\/revisions\/1027"}],"wp:attachment":[{"href":"https:\/\/guilhermepimentel.com.br\/index.php\/wp-json\/wp\/v2\/media?parent=1016"}],"curies":[{"name":"wp","href":"https:\/\/api.w.org\/{rel}","templated":true}]}}